{"id":7689,"date":"2025-12-08T15:16:15","date_gmt":"2025-12-08T15:16:15","guid":{"rendered":"https:\/\/www.edomy.com.tr\/product\/minyatur-osmanli-hamam-takunyalari-dekoratif-nalinler\/"},"modified":"2025-12-08T15:16:15","modified_gmt":"2025-12-08T15:16:15","slug":"minyatur-osmanli-hamam-takunyalari-dekoratif-nalinler","status":"publish","type":"product","link":"https:\/\/www.edomy.com.tr\/tr\/urun\/minyatur-osmanli-hamam-takunyalari-dekoratif-nalinler\/","title":{"rendered":"Minyat\u00fcr Osmanl\u0131 Hamam Takunyalar\u0131 &#8211; Dekoratif Nalinler"},"content":{"rendered":"<p>14 cm Minyat\u00fcr Osmanl\u0131 Takunyalar\u0131 &#8211; El Yap\u0131m\u0131 Filigran S\u00fcs<\/p>\n<p>Bu \u00f6zel par\u00e7a, Osmanl\u0131 d\u00f6neminin geleneksel hamam k\u00fclt\u00fcr\u00fcnden esinlenerek tasarlanm\u0131\u015f 14 cm \u00e7ap\u0131nda minyat\u00fcr bir pelerin modelidir. \u0130nce ve detayl\u0131 telkari s\u00fcslemesi, ustan\u0131n ustal\u0131\u011f\u0131n\u0131 ortaya koyan g\u00f6z al\u0131c\u0131 bir i\u015f\u00e7ilik \u00f6rne\u011fidir. <\/p>\n<p>Dekoratif ama\u00e7l\u0131 \u00fcretilen bu minyat\u00fcr pelerinler \u015fu \u00f6zellikleriyle m\u00fckemmel bir se\u00e7imdir:<\/p>\n<p>Bir koleksiyonluk,<\/p>\n<p>nostaljik bir hediye<\/p>\n<p>Vitrin, raf veya masa \u00fcst\u00fc dekorasyonu.<\/p>\n<p>Dayan\u0131kl\u0131 yap\u0131lar\u0131 ve zarif oyma desenleriyle geleneksel sanatlara g\u00f6n\u00fcl verenler i\u00e7in e\u015fsiz bir dekoratif koleksiyon par\u00e7as\u0131d\u0131r.<\/p>\n","protected":false},"excerpt":{"rendered":"<p>14 cm Minyat\u00fcr Osmanl\u0131 Takunyalar\u0131 &#8211; El Yap\u0131m\u0131 Filigran S\u00fcs Bu \u00f6zel par\u00e7a, Osmanl\u0131 d\u00f6neminin geleneksel hamam k\u00fclt\u00fcr\u00fcnden esinlenerek tasarlanm\u0131\u015f 14 cm \u00e7ap\u0131nda minyat\u00fcr bir pelerin modelidir. \u0130nce ve detayl\u0131 telkari s\u00fcslemesi, ustan\u0131n ustal\u0131\u011f\u0131n\u0131 ortaya koyan g\u00f6z al\u0131c\u0131 bir i\u015f\u00e7ilik \u00f6rne\u011fidir. Dekoratif ama\u00e7l\u0131 \u00fcretilen bu minyat\u00fcr pelerinler \u015fu \u00f6zellikleriyle m\u00fckemmel bir se\u00e7imdir: Bir koleksiyonluk, nostaljik [&hellip;]<\/p>\n","protected":false},"featured_media":7684,"comment_status":"open","ping_status":"closed","template":"","meta":[],"product_brand":[],"product_cat":[268,269],"product_tag":[],"class_list":{"0":"post-7689","1":"product","2":"type-product","3":"status-publish","4":"has-post-thumbnail","6":"product_cat-geleneksel","7":"product_cat-vintage-tr","9":"first","10":"instock","11":"sold-individually","12":"taxable","13":"shipping-taxable","14":"purchasable","15":"product-type-simple"},"_links":{"self":[{"href":"https:\/\/www.edomy.com.tr\/tr\/wp-json\/wp\/v2\/product\/7689","targetHints":{"allow":["GET"]}}],"collection":[{"href":"https:\/\/www.edomy.com.tr\/tr\/wp-json\/wp\/v2\/product"}],"about":[{"href":"https:\/\/www.edomy.com.tr\/tr\/wp-json\/wp\/v2\/types\/product"}],"replies":[{"embeddable":true,"href":"https:\/\/www.edomy.com.tr\/tr\/wp-json\/wp\/v2\/comments?post=7689"}],"wp:featuredmedia":[{"embeddable":true,"href":"https:\/\/www.edomy.com.tr\/tr\/wp-json\/wp\/v2\/media\/7684"}],"wp:attachment":[{"href":"https:\/\/www.edomy.com.tr\/tr\/wp-json\/wp\/v2\/media?parent=7689"}],"wp:term":[{"taxonomy":"product_brand","embeddable":true,"href":"https:\/\/www.edomy.com.tr\/tr\/wp-json\/wp\/v2\/product_brand?post=7689"},{"taxonomy":"product_cat","embeddable":true,"href":"https:\/\/www.edomy.com.tr\/tr\/wp-json\/wp\/v2\/product_cat?post=7689"},{"taxonomy":"product_tag","embeddable":true,"href":"https:\/\/www.edomy.com.tr\/tr\/wp-json\/wp\/v2\/product_tag?post=7689"}],"curies":[{"name":"wp","href":"https:\/\/api.w.org\/{rel}","templated":true}]}}