{"id":7672,"date":"2025-12-08T11:58:47","date_gmt":"2025-12-08T11:58:47","guid":{"rendered":"https:\/\/www.edomy.com.tr\/product\/el-yapimi-fas-mozaik-masa-lambasi\/"},"modified":"2025-12-08T11:58:47","modified_gmt":"2025-12-08T11:58:47","slug":"el-yapimi-fas-mozaik-masa-lambasi","status":"publish","type":"product","link":"https:\/\/www.edomy.com.tr\/tr\/urun\/el-yapimi-fas-mozaik-masa-lambasi\/","title":{"rendered":"El Yap\u0131m\u0131 Fas Mozaik Masa Lambas\u0131"},"content":{"rendered":"<p>Bu el yap\u0131m\u0131 Fas tarz\u0131 mozaik masa lambas\u0131, renkli vitray camlar\u0131 ve oyma metal g\u00f6vdesiyle ortama b\u00fcy\u00fcleyici bir \u0131\u015f\u0131k yans\u0131mas\u0131 sunar. Geleneksel el i\u015f\u00e7ili\u011fiyle \u00fcretilmi\u015f bu dekoratif lamba, salon, oturma odas\u0131 ve giri\u015f alanlar\u0131na s\u0131cak ve \u015f\u0131k bir ambiyans kazand\u0131r\u0131r. Hem klasik hem modern dekorasyonlarla uyum sa\u011flayan bu \u00f6zel par\u00e7a, \u00f6zg\u00fcn tasar\u0131m\u0131yla dikkat \u00e7eker.  <\/p>\n","protected":false},"excerpt":{"rendered":"<p>Bu el yap\u0131m\u0131 Fas tarz\u0131 mozaik masa lambas\u0131, renkli vitray camlar\u0131 ve oyma metal g\u00f6vdesiyle ortama b\u00fcy\u00fcleyici bir \u0131\u015f\u0131k yans\u0131mas\u0131 sunar. Geleneksel el i\u015f\u00e7ili\u011fiyle \u00fcretilmi\u015f bu dekoratif lamba, salon, oturma odas\u0131 ve giri\u015f alanlar\u0131na s\u0131cak ve \u015f\u0131k bir ambiyans kazand\u0131r\u0131r. Hem klasik hem modern dekorasyonlarla uyum sa\u011flayan bu \u00f6zel par\u00e7a, \u00f6zg\u00fcn tasar\u0131m\u0131yla dikkat \u00e7eker.<\/p>\n","protected":false},"featured_media":7667,"comment_status":"open","ping_status":"closed","template":"","meta":[],"product_brand":[],"product_cat":[268,269],"product_tag":[],"class_list":{"0":"post-7672","1":"product","2":"type-product","3":"status-publish","4":"has-post-thumbnail","6":"product_cat-geleneksel","7":"product_cat-vintage-tr","9":"first","10":"instock","11":"taxable","12":"shipping-taxable","13":"purchasable","14":"product-type-simple"},"_links":{"self":[{"href":"https:\/\/www.edomy.com.tr\/tr\/wp-json\/wp\/v2\/product\/7672","targetHints":{"allow":["GET"]}}],"collection":[{"href":"https:\/\/www.edomy.com.tr\/tr\/wp-json\/wp\/v2\/product"}],"about":[{"href":"https:\/\/www.edomy.com.tr\/tr\/wp-json\/wp\/v2\/types\/product"}],"replies":[{"embeddable":true,"href":"https:\/\/www.edomy.com.tr\/tr\/wp-json\/wp\/v2\/comments?post=7672"}],"wp:featuredmedia":[{"embeddable":true,"href":"https:\/\/www.edomy.com.tr\/tr\/wp-json\/wp\/v2\/media\/7667"}],"wp:attachment":[{"href":"https:\/\/www.edomy.com.tr\/tr\/wp-json\/wp\/v2\/media?parent=7672"}],"wp:term":[{"taxonomy":"product_brand","embeddable":true,"href":"https:\/\/www.edomy.com.tr\/tr\/wp-json\/wp\/v2\/product_brand?post=7672"},{"taxonomy":"product_cat","embeddable":true,"href":"https:\/\/www.edomy.com.tr\/tr\/wp-json\/wp\/v2\/product_cat?post=7672"},{"taxonomy":"product_tag","embeddable":true,"href":"https:\/\/www.edomy.com.tr\/tr\/wp-json\/wp\/v2\/product_tag?post=7672"}],"curies":[{"name":"wp","href":"https:\/\/api.w.org\/{rel}","templated":true}]}}