{"id":7662,"date":"2025-12-08T10:57:54","date_gmt":"2025-12-08T10:57:54","guid":{"rendered":"https:\/\/www.edomy.com.tr\/product\/sik-antik-osmanli-donemi-gumus-bileklik\/"},"modified":"2025-12-08T10:57:54","modified_gmt":"2025-12-08T10:57:54","slug":"sik-antik-osmanli-donemi-gumus-bileklik","status":"publish","type":"product","link":"https:\/\/www.edomy.com.tr\/tr\/urun\/sik-antik-osmanli-donemi-gumus-bileklik\/","title":{"rendered":"\u015e\u0131k Antik Osmanl\u0131 D\u00f6nemi G\u00fcm\u00fc\u015f Bileklik"},"content":{"rendered":"<p>Zaman\u0131n\u0131n usta zanaatkarlar\u0131 taraf\u0131ndan el i\u015f\u00e7ili\u011fiyle \u00fcretilen bu 150 y\u0131ll\u0131k antika g\u00fcm\u00fc\u015f bileklik, geleneksel oyma teknikleri kullan\u0131larak i\u015flenmi\u015f motifleriyle ger\u00e7ek bir koleksiyon par\u00e7as\u0131.<br \/>Malzeme: G\u00fcm\u00fc\u015f<br \/>Ya\u015f: Yakla\u015f\u0131k 150 y\u0131l<br \/>Bilek \u00d6l\u00e7\u00fcs\u00fc: Maksimum 17 cm bilek \u00e7evresi i\u00e7in uygundur.<br \/>Ayar Se\u00e7enekleri: \u0130kinci bir ayar deli\u011fi sayesinde ayarlanabilir.<br \/>Durum: Ya\u015f\u0131na g\u00f6re \u00e7ok iyi korunmu\u015f, tamamen orijinal, el yap\u0131m\u0131.<br \/>Koleksiyoncular, antika m\u00fccevher merakl\u0131lar\u0131 veya benzersiz tarihi par\u00e7alar arayanlar i\u00e7in \u00f6zel bir \u00fcr\u00fcn.<\/p>\n","protected":false},"excerpt":{"rendered":"<p>Zaman\u0131n\u0131n usta zanaatkarlar\u0131 taraf\u0131ndan el i\u015f\u00e7ili\u011fiyle \u00fcretilen bu 150 y\u0131ll\u0131k antika g\u00fcm\u00fc\u015f bileklik, geleneksel oyma teknikleri kullan\u0131larak i\u015flenmi\u015f motifleriyle ger\u00e7ek bir koleksiyon par\u00e7as\u0131.Malzeme: G\u00fcm\u00fc\u015fYa\u015f: Yakla\u015f\u0131k 150 y\u0131lBilek \u00d6l\u00e7\u00fcs\u00fc: Maksimum 17 cm bilek \u00e7evresi i\u00e7in uygundur.Ayar Se\u00e7enekleri: \u0130kinci bir ayar deli\u011fi sayesinde ayarlanabilir.Durum: Ya\u015f\u0131na g\u00f6re \u00e7ok iyi korunmu\u015f, tamamen orijinal, el yap\u0131m\u0131.Koleksiyoncular, antika m\u00fccevher merakl\u0131lar\u0131 veya [&hellip;]<\/p>\n","protected":false},"featured_media":7653,"comment_status":"open","ping_status":"closed","template":"","meta":[],"product_brand":[],"product_cat":[270,268],"product_tag":[],"class_list":{"0":"post-7662","1":"product","2":"type-product","3":"status-publish","4":"has-post-thumbnail","6":"product_cat-antika","7":"product_cat-geleneksel","9":"first","10":"outofstock","11":"sold-individually","12":"taxable","13":"shipping-taxable","14":"purchasable","15":"product-type-simple"},"_links":{"self":[{"href":"https:\/\/www.edomy.com.tr\/tr\/wp-json\/wp\/v2\/product\/7662","targetHints":{"allow":["GET"]}}],"collection":[{"href":"https:\/\/www.edomy.com.tr\/tr\/wp-json\/wp\/v2\/product"}],"about":[{"href":"https:\/\/www.edomy.com.tr\/tr\/wp-json\/wp\/v2\/types\/product"}],"replies":[{"embeddable":true,"href":"https:\/\/www.edomy.com.tr\/tr\/wp-json\/wp\/v2\/comments?post=7662"}],"wp:featuredmedia":[{"embeddable":true,"href":"https:\/\/www.edomy.com.tr\/tr\/wp-json\/wp\/v2\/media\/7653"}],"wp:attachment":[{"href":"https:\/\/www.edomy.com.tr\/tr\/wp-json\/wp\/v2\/media?parent=7662"}],"wp:term":[{"taxonomy":"product_brand","embeddable":true,"href":"https:\/\/www.edomy.com.tr\/tr\/wp-json\/wp\/v2\/product_brand?post=7662"},{"taxonomy":"product_cat","embeddable":true,"href":"https:\/\/www.edomy.com.tr\/tr\/wp-json\/wp\/v2\/product_cat?post=7662"},{"taxonomy":"product_tag","embeddable":true,"href":"https:\/\/www.edomy.com.tr\/tr\/wp-json\/wp\/v2\/product_tag?post=7662"}],"curies":[{"name":"wp","href":"https:\/\/api.w.org\/{rel}","templated":true}]}}