{"id":7650,"date":"2025-12-08T08:41:15","date_gmt":"2025-12-08T08:41:15","guid":{"rendered":"https:\/\/www.edomy.com.tr\/product\/osmanli-bankasi-hatira-gumus-madeni-para-sinirli-sayida\/"},"modified":"2025-12-08T08:41:15","modified_gmt":"2025-12-08T08:41:15","slug":"osmanli-bankasi-hatira-gumus-madeni-para-sinirli-sayida","status":"publish","type":"product","link":"https:\/\/www.edomy.com.tr\/tr\/urun\/osmanli-bankasi-hatira-gumus-madeni-para-sinirli-sayida\/","title":{"rendered":"Osmanl\u0131 Bankas\u0131 Hat\u0131ra G\u00fcm\u00fc\u015f Madeni Para &#8211; S\u0131n\u0131rl\u0131 Say\u0131da"},"content":{"rendered":"<p>\u015eeffaf akrilik kutuda sunulan bu \u00f6zel hat\u0131ra paras\u0131, 1863-1988 y\u0131llar\u0131 aras\u0131nda Osmanl\u0131 Bankas\u0131&#8217;n\u0131 anmak i\u00e7in \u00fcretilmi\u015ftir. \u0130\u00e7indeki madalyon hakiki g\u00fcm\u00fc\u015ften yap\u0131lm\u0131\u015f olup \u00e7ap\u0131 3 cm&#8217;dir. Koleksiyoncular, nostalji tutkunlar\u0131 ve banka tarihine ilgi duyanlar i\u00e7in de\u011ferli bir dekoratif ve koleksiyonluk \u00fcr\u00fcnd\u00fcr.  <\/p>\n","protected":false},"excerpt":{"rendered":"<p>\u015eeffaf akrilik kutuda sunulan bu \u00f6zel hat\u0131ra paras\u0131, 1863-1988 y\u0131llar\u0131 aras\u0131nda Osmanl\u0131 Bankas\u0131&#8217;n\u0131 anmak i\u00e7in \u00fcretilmi\u015ftir. \u0130\u00e7indeki madalyon hakiki g\u00fcm\u00fc\u015ften yap\u0131lm\u0131\u015f olup \u00e7ap\u0131 3 cm&#8217;dir. Koleksiyoncular, nostalji tutkunlar\u0131 ve banka tarihine ilgi duyanlar i\u00e7in de\u011ferli bir dekoratif ve koleksiyonluk \u00fcr\u00fcnd\u00fcr.<\/p>\n","protected":false},"featured_media":7639,"comment_status":"open","ping_status":"closed","template":"","meta":[],"product_brand":[],"product_cat":[270,271,269],"product_tag":[],"class_list":{"0":"post-7650","1":"product","2":"type-product","3":"status-publish","4":"has-post-thumbnail","6":"product_cat-antika","7":"product_cat-koleksiyon","8":"product_cat-vintage-tr","10":"first","11":"instock","12":"taxable","13":"shipping-taxable","14":"purchasable","15":"product-type-simple"},"_links":{"self":[{"href":"https:\/\/www.edomy.com.tr\/tr\/wp-json\/wp\/v2\/product\/7650","targetHints":{"allow":["GET"]}}],"collection":[{"href":"https:\/\/www.edomy.com.tr\/tr\/wp-json\/wp\/v2\/product"}],"about":[{"href":"https:\/\/www.edomy.com.tr\/tr\/wp-json\/wp\/v2\/types\/product"}],"replies":[{"embeddable":true,"href":"https:\/\/www.edomy.com.tr\/tr\/wp-json\/wp\/v2\/comments?post=7650"}],"wp:featuredmedia":[{"embeddable":true,"href":"https:\/\/www.edomy.com.tr\/tr\/wp-json\/wp\/v2\/media\/7639"}],"wp:attachment":[{"href":"https:\/\/www.edomy.com.tr\/tr\/wp-json\/wp\/v2\/media?parent=7650"}],"wp:term":[{"taxonomy":"product_brand","embeddable":true,"href":"https:\/\/www.edomy.com.tr\/tr\/wp-json\/wp\/v2\/product_brand?post=7650"},{"taxonomy":"product_cat","embeddable":true,"href":"https:\/\/www.edomy.com.tr\/tr\/wp-json\/wp\/v2\/product_cat?post=7650"},{"taxonomy":"product_tag","embeddable":true,"href":"https:\/\/www.edomy.com.tr\/tr\/wp-json\/wp\/v2\/product_tag?post=7650"}],"curies":[{"name":"wp","href":"https:\/\/api.w.org\/{rel}","templated":true}]}}