{"id":7571,"date":"2025-09-11T15:58:47","date_gmt":"2025-09-11T15:58:47","guid":{"rendered":"https:\/\/www.edomy.com.tr\/product\/wedgwood-style-handmade-biscuit-porcelain-vase\/"},"modified":"2025-09-12T03:06:44","modified_gmt":"2025-09-12T03:06:44","slug":"wedgwood-style-handmade-biscuit-porcelain-vase","status":"publish","type":"product","link":"https:\/\/www.edomy.com.tr\/tr\/urun\/wedgwood-style-handmade-biscuit-porcelain-vase\/","title":{"rendered":"Wedgwood Tarz\u0131 El Yap\u0131m\u0131 Bisk\u00fcvi Porselen Vazo"},"content":{"rendered":"<p>15 cm y\u00fcksekli\u011findeki bu zarif, el yap\u0131m\u0131 bisk\u00fcvi porselen vazo, \u00fcnl\u00fc \u0130ngiliz porselen markas\u0131 Wedgwood&#8217;un klasik Jasperware stilini yans\u0131t\u0131yor. Mat dokulu porselen y\u00fczeyi, beyaz kabartmal\u0131 detaylarla s\u00fcslenmi\u015f. \u00d6n y\u00fcz\u00fcnde kad\u0131n b\u00fcst\u00fc, g\u00fcl ve kurdele motifleri, arka y\u00fcz\u00fcnde ise \u00fcz\u00fcm yapraklar\u0131 ve salk\u0131mlar\u0131 yer al\u0131yor. Neoklasik esteti\u011fi ve el yap\u0131m\u0131 kaplamas\u0131yla \u00f6ne \u00e7\u0131kan bu dekoratif obje, koleksiyoncular ve klasik dekor severler i\u00e7in de\u011ferli bir se\u00e7im.   <\/p>\n","protected":false},"excerpt":{"rendered":"<p>15 cm y\u00fcksekli\u011findeki bu zarif, el yap\u0131m\u0131 bisk\u00fcvi porselen vazo, \u00fcnl\u00fc \u0130ngiliz porselen markas\u0131 Wedgwood&#8217;un klasik Jasperware stilini yans\u0131t\u0131yor. Mat dokulu porselen y\u00fczeyi, beyaz kabartmal\u0131 detaylarla s\u00fcslenmi\u015f. \u00d6n y\u00fcz\u00fcnde kad\u0131n b\u00fcst\u00fc, g\u00fcl ve kurdele motifleri, arka y\u00fcz\u00fcnde ise \u00fcz\u00fcm yapraklar\u0131 ve salk\u0131mlar\u0131 yer al\u0131yor. Neoklasik esteti\u011fi ve el yap\u0131m\u0131 kaplamas\u0131yla \u00f6ne \u00e7\u0131kan bu dekoratif obje, [&hellip;]<\/p>\n","protected":false},"featured_media":7568,"comment_status":"open","ping_status":"closed","template":"","meta":[],"product_brand":[],"product_cat":[271,269],"product_tag":[],"class_list":{"0":"post-7571","1":"product","2":"type-product","3":"status-publish","4":"has-post-thumbnail","6":"product_cat-koleksiyon","7":"product_cat-vintage-tr","9":"first","10":"instock","11":"taxable","12":"shipping-taxable","13":"purchasable","14":"product-type-simple"},"_links":{"self":[{"href":"https:\/\/www.edomy.com.tr\/tr\/wp-json\/wp\/v2\/product\/7571","targetHints":{"allow":["GET"]}}],"collection":[{"href":"https:\/\/www.edomy.com.tr\/tr\/wp-json\/wp\/v2\/product"}],"about":[{"href":"https:\/\/www.edomy.com.tr\/tr\/wp-json\/wp\/v2\/types\/product"}],"replies":[{"embeddable":true,"href":"https:\/\/www.edomy.com.tr\/tr\/wp-json\/wp\/v2\/comments?post=7571"}],"wp:featuredmedia":[{"embeddable":true,"href":"https:\/\/www.edomy.com.tr\/tr\/wp-json\/wp\/v2\/media\/7568"}],"wp:attachment":[{"href":"https:\/\/www.edomy.com.tr\/tr\/wp-json\/wp\/v2\/media?parent=7571"}],"wp:term":[{"taxonomy":"product_brand","embeddable":true,"href":"https:\/\/www.edomy.com.tr\/tr\/wp-json\/wp\/v2\/product_brand?post=7571"},{"taxonomy":"product_cat","embeddable":true,"href":"https:\/\/www.edomy.com.tr\/tr\/wp-json\/wp\/v2\/product_cat?post=7571"},{"taxonomy":"product_tag","embeddable":true,"href":"https:\/\/www.edomy.com.tr\/tr\/wp-json\/wp\/v2\/product_tag?post=7571"}],"curies":[{"name":"wp","href":"https:\/\/api.w.org\/{rel}","templated":true}]}}