{"id":7555,"date":"2025-09-11T13:15:20","date_gmt":"2025-09-11T13:15:20","guid":{"rendered":"https:\/\/www.edomy.com.tr\/product\/cicek-desenli-el-yapimi-fransiz-opalin-vazo-antik-dekoratif-koleksiyonluk\/"},"modified":"2025-12-15T14:22:52","modified_gmt":"2025-12-15T14:22:52","slug":"cicek-desenli-el-yapimi-fransiz-opalin-vazo-antik-dekoratif-koleksiyonluk","status":"publish","type":"product","link":"https:\/\/www.edomy.com.tr\/tr\/urun\/cicek-desenli-el-yapimi-fransiz-opalin-vazo-antik-dekoratif-koleksiyonluk\/","title":{"rendered":"\u00c7i\u00e7ek Desenli El Yap\u0131m\u0131 Frans\u0131z Opalin Vazo \u2013 Antik Dekoratif Koleksiyonluk"},"content":{"rendered":"<p>Bu zarif Frans\u0131z opalin vazo, beyaz opak cam \u00fczerine elle boyanm\u0131\u015f \u00e7i\u00e7ek motifleriyle s\u00fcslenmi\u015ftir. Do\u011fal tonlardaki yaprak ve \u00e7i\u00e7ek desenleri, vazoya hem estetik hem de nostaljik bir g\u00f6r\u00fcn\u00fcm kazand\u0131r\u0131r. 19. y\u00fczy\u0131l\u0131n sonlar\u0131 ve 20. y\u00fczy\u0131l\u0131n ba\u015flar\u0131nda pop\u00fcler olan bu opalin vazolar, hem koleksiyon de\u011feri y\u00fcksek bir antika hem de \u015f\u0131k bir dekoratif par\u00e7ad\u0131r.<br \/>Bu \u00f6zel par\u00e7a, hem antika koleksiyoncular\u0131 hem de dekoratif objelerde zarafeti tercih edenler i\u00e7in e\u015fsiz bir se\u00e7imdir.  <\/p>\n","protected":false},"excerpt":{"rendered":"<p>Bu zarif Frans\u0131z opalin vazo, beyaz opak cam \u00fczerine elle boyanm\u0131\u015f \u00e7i\u00e7ek motifleriyle s\u00fcslenmi\u015ftir. Do\u011fal tonlardaki yaprak ve \u00e7i\u00e7ek desenleri, vazoya hem estetik hem de nostaljik bir g\u00f6r\u00fcn\u00fcm kazand\u0131r\u0131r. 19. y\u00fczy\u0131l\u0131n sonlar\u0131 ve 20. y\u00fczy\u0131l\u0131n ba\u015flar\u0131nda pop\u00fcler olan bu opalin vazolar, hem koleksiyon de\u011feri y\u00fcksek bir antika hem de \u015f\u0131k bir dekoratif par\u00e7ad\u0131r.Bu \u00f6zel par\u00e7a, [&hellip;]<\/p>\n","protected":false},"featured_media":7550,"comment_status":"open","ping_status":"closed","template":"","meta":[],"product_brand":[],"product_cat":[270,271,269],"product_tag":[],"class_list":{"0":"post-7555","1":"product","2":"type-product","3":"status-publish","4":"has-post-thumbnail","6":"product_cat-antika","7":"product_cat-koleksiyon","8":"product_cat-vintage-tr","10":"first","11":"outofstock","12":"taxable","13":"shipping-taxable","14":"purchasable","15":"product-type-simple"},"_links":{"self":[{"href":"https:\/\/www.edomy.com.tr\/tr\/wp-json\/wp\/v2\/product\/7555","targetHints":{"allow":["GET"]}}],"collection":[{"href":"https:\/\/www.edomy.com.tr\/tr\/wp-json\/wp\/v2\/product"}],"about":[{"href":"https:\/\/www.edomy.com.tr\/tr\/wp-json\/wp\/v2\/types\/product"}],"replies":[{"embeddable":true,"href":"https:\/\/www.edomy.com.tr\/tr\/wp-json\/wp\/v2\/comments?post=7555"}],"wp:featuredmedia":[{"embeddable":true,"href":"https:\/\/www.edomy.com.tr\/tr\/wp-json\/wp\/v2\/media\/7550"}],"wp:attachment":[{"href":"https:\/\/www.edomy.com.tr\/tr\/wp-json\/wp\/v2\/media?parent=7555"}],"wp:term":[{"taxonomy":"product_brand","embeddable":true,"href":"https:\/\/www.edomy.com.tr\/tr\/wp-json\/wp\/v2\/product_brand?post=7555"},{"taxonomy":"product_cat","embeddable":true,"href":"https:\/\/www.edomy.com.tr\/tr\/wp-json\/wp\/v2\/product_cat?post=7555"},{"taxonomy":"product_tag","embeddable":true,"href":"https:\/\/www.edomy.com.tr\/tr\/wp-json\/wp\/v2\/product_tag?post=7555"}],"curies":[{"name":"wp","href":"https:\/\/api.w.org\/{rel}","templated":true}]}}