{"id":7516,"date":"2025-08-29T10:57:10","date_gmt":"2025-08-29T10:57:10","guid":{"rendered":"https:\/\/www.edomy.com.tr\/product\/sik-nikel-kaplamali-kalay-kapli-bakir-bardak-takimi-osmanli-motifi\/"},"modified":"2025-08-29T11:07:06","modified_gmt":"2025-08-29T11:07:06","slug":"sik-nikel-kaplamali-kalay-kapli-bakir-bardak-takimi-osmanli-motifi","status":"publish","type":"product","link":"https:\/\/www.edomy.com.tr\/tr\/urun\/sik-nikel-kaplamali-kalay-kapli-bakir-bardak-takimi-osmanli-motifi\/","title":{"rendered":"\u015e\u0131k Nikel Kaplamal\u0131, Kalay Kapl\u0131 Bak\u0131r Bardak Tak\u0131m\u0131 \u2013 Osmanl\u0131 Motifi"},"content":{"rendered":"<p>Nikel kaplamal\u0131, kalay kapl\u0131 bu zarif bak\u0131r ayran seti, geleneksel Osmanl\u0131 motifleri ve el yap\u0131m\u0131 detaylarla dekore edilmi\u015f olup sofralar\u0131n\u0131za miras ve zarafet kat\u0131yor. Set, 1 adet oymal\u0131 s\u00fcrahi, 6 adet kulplu fincan ve 1 adet dekoratif tepsiden olu\u015fuyor. <\/p>\n<p>\u0130\u00e7 k\u0131sm\u0131 kalay kapl\u0131 dayan\u0131kl\u0131 bak\u0131r g\u00f6vdesi, i\u00e7eceklerin do\u011fal tad\u0131n\u0131 korurken g\u00fcvenli kullan\u0131m sa\u011flar. Parlak nikel kaplamal\u0131 d\u0131\u015f y\u00fczeyi ise l\u00fcks ve zarif bir g\u00f6r\u00fcn\u00fcm sunarak hem g\u00fcnl\u00fck kullan\u0131m hem de \u00f6zel g\u00fcnler i\u00e7in m\u00fckemmeldir. <\/p>\n<p>Malzeme: Nikel kaplamal\u0131, kalay kapl\u0131 bak\u0131r<\/p>\n<p>Set \u0130\u00e7eri\u011fi: 1 s\u00fcrahi, 6 bardak, 1 tepsi<\/p>\n<p>Tasar\u0131m: El i\u015f\u00e7ili\u011fiyle i\u015flenmi\u015f Osmanl\u0131 tu\u011fra motifleri<\/p>\n<p>Kullan\u0131m: Ayran, \u015ferbet ve so\u011fuk i\u00e7ecek servisi i\u00e7in idealdir, sadece elde y\u0131kamaya uygundur.<\/p>\n<p>Not: Her par\u00e7a el yap\u0131m\u0131d\u0131r, bu da her seti benzersiz k\u0131lar. Bu yepyeni, yeni \u00fcretilmi\u015f bir \u00fcr\u00fcnd\u00fcr. <\/p>\n<p>Sofran\u0131zda gelenek ve l\u00fcks\u00fcn simgesi olacak bu \u00f6zel ayran\/i\u00e7ecek seti, ayn\u0131 zamanda prestijli bir hediye se\u00e7ene\u011fi olacakt\u0131r.<\/p>\n<p>\u00dcr\u00fcn Boyutlar\u0131<\/p>\n<p>Pitcher: Height 25 cm, Body Width 40 cm<\/p>\n<p>Cup: Height 12 cm, Width 28 cm<\/p>\n<p>Tray: Diameter 35 cm<\/p>\n","protected":false},"excerpt":{"rendered":"<p>Nikel kaplamal\u0131, kalay kapl\u0131 bu zarif bak\u0131r ayran seti, geleneksel Osmanl\u0131 motifleri ve el yap\u0131m\u0131 detaylarla dekore edilmi\u015f olup sofralar\u0131n\u0131za miras ve zarafet kat\u0131yor. Set, 1 adet oymal\u0131 s\u00fcrahi, 6 adet kulplu fincan ve 1 adet dekoratif tepsiden olu\u015fuyor. \u0130\u00e7 k\u0131sm\u0131 kalay kapl\u0131 dayan\u0131kl\u0131 bak\u0131r g\u00f6vdesi, i\u00e7eceklerin do\u011fal tad\u0131n\u0131 korurken g\u00fcvenli kullan\u0131m sa\u011flar. Parlak nikel [&hellip;]<\/p>\n","protected":false},"featured_media":7501,"comment_status":"open","ping_status":"closed","template":"","meta":[],"product_brand":[],"product_cat":[268,272,273],"product_tag":[],"class_list":{"0":"post-7516","1":"product","2":"type-product","3":"status-publish","4":"has-post-thumbnail","6":"product_cat-geleneksel","7":"product_cat-modern-anadolu","8":"product_cat-yerel-urunler","10":"first","11":"instock","12":"taxable","13":"shipping-taxable","14":"purchasable","15":"product-type-simple"},"_links":{"self":[{"href":"https:\/\/www.edomy.com.tr\/tr\/wp-json\/wp\/v2\/product\/7516","targetHints":{"allow":["GET"]}}],"collection":[{"href":"https:\/\/www.edomy.com.tr\/tr\/wp-json\/wp\/v2\/product"}],"about":[{"href":"https:\/\/www.edomy.com.tr\/tr\/wp-json\/wp\/v2\/types\/product"}],"replies":[{"embeddable":true,"href":"https:\/\/www.edomy.com.tr\/tr\/wp-json\/wp\/v2\/comments?post=7516"}],"wp:featuredmedia":[{"embeddable":true,"href":"https:\/\/www.edomy.com.tr\/tr\/wp-json\/wp\/v2\/media\/7501"}],"wp:attachment":[{"href":"https:\/\/www.edomy.com.tr\/tr\/wp-json\/wp\/v2\/media?parent=7516"}],"wp:term":[{"taxonomy":"product_brand","embeddable":true,"href":"https:\/\/www.edomy.com.tr\/tr\/wp-json\/wp\/v2\/product_brand?post=7516"},{"taxonomy":"product_cat","embeddable":true,"href":"https:\/\/www.edomy.com.tr\/tr\/wp-json\/wp\/v2\/product_cat?post=7516"},{"taxonomy":"product_tag","embeddable":true,"href":"https:\/\/www.edomy.com.tr\/tr\/wp-json\/wp\/v2\/product_tag?post=7516"}],"curies":[{"name":"wp","href":"https:\/\/api.w.org\/{rel}","templated":true}]}}