{"id":7496,"date":"2025-08-29T06:54:14","date_gmt":"2025-08-29T06:54:14","guid":{"rendered":"https:\/\/www.edomy.com.tr\/product\/zarif-gumus-gelin-aynasi-el-yapimi-cicek-motifli\/"},"modified":"2025-08-29T06:54:14","modified_gmt":"2025-08-29T06:54:14","slug":"zarif-gumus-gelin-aynasi-el-yapimi-cicek-motifli","status":"publish","type":"product","link":"https:\/\/www.edomy.com.tr\/tr\/urun\/zarif-gumus-gelin-aynasi-el-yapimi-cicek-motifli\/","title":{"rendered":"Zarif G\u00fcm\u00fc\u015f Gelin Aynas\u0131 \u2013 El Yap\u0131m\u0131\/\u00c7i\u00e7ek Motifli"},"content":{"rendered":"<p>Bu zarif 925 ayar g\u00fcm\u00fc\u015f gelin aynas\u0131, geleneksel T\u00fcrk g\u00fcm\u00fc\u015f i\u015f\u00e7ili\u011finin en g\u00fczel \u00f6rneklerinden biridir. Yuvarlak \u015fekilli ve 20 cm \u00e7ap\u0131ndaki ayna, tamamen el yap\u0131m\u0131 kabartma \u00e7i\u00e7ek motifleriyle s\u00fcslenmi\u015ftir. <\/p>\n<p>\u00c7er\u00e7evesindeki \u00e7i\u00e7ek ve midye desenleri, Osmanl\u0131 ve Anadolu s\u00fcsleme sanatlar\u0131ndan izler ta\u015f\u0131r. Gelin aynas\u0131 gelene\u011finde, gelinin d\u00fc\u011f\u00fcnden \u00f6nce bu \u00f6zel aynaya bakmas\u0131, safl\u0131\u011f\u0131n, g\u00fczelli\u011fin ve parlak bir yeni ba\u015flang\u0131c\u0131n simgesi olarak kabul edilir. <\/p>\n<p>Gelin Aynas\u0131 Gelene\u011fi: Anadolu ve Osmanl\u0131 d\u00f6neminde gelin aynalar\u0131 d\u00fc\u011f\u00fcnlerde \u00f6nemli bir simgeydi. Gelin, evden ayr\u0131lmadan \u00f6nce bu \u00f6zel aynaya bakard\u0131; bu, hem g\u00fczelli\u011fin hem de yeni hayat\u0131na saf ve ayd\u0131nl\u0131k bir kalple ba\u015flaman\u0131n simgesi olarak kabul edilirdi. <\/p>\n<p>El Sanatlar\u0131: G\u00fcm\u00fc\u015f\u00e7\u00fcl\u00fck, 19. ve 20. y\u00fczy\u0131llarda \u00f6zellikle Tokat, Sivas, Trabzon ve Diyarbak\u0131r gibi \u015fehirlerde yayg\u0131n olan bir zanaatt\u0131. Bu ayna \u00e7er\u00e7eveleri, usta zanaatkarlar\u0131n el i\u015f\u00e7ili\u011fiyle \u00fcretiliyordu. <\/p>\n<p>Sembolizm: \u00c7i\u00e7ek motifleri do\u011furganl\u0131\u011f\u0131, bollu\u011fu ve mutlulu\u011fu temsil ederken, yuvarlak \u015fekil b\u00fct\u00fcnl\u00fc\u011f\u00fc ve sonsuzlu\u011fu temsil eder<\/p>\n<p>Her detay\u0131 ustal\u0131kla i\u015flenmi\u015f bu ayna, sadece bir s\u00fcs de\u011fil; ayn\u0131 zamanda k\u00fclt\u00fcrel bir miras ve manevi de\u011feri y\u00fcksek \u00f6zel bir hat\u0131rad\u0131r.<br \/>\nMalzeme: 925 ayar g\u00fcm\u00fc\u015f.<\/p>\n<p>\u015eekil: Yuvarlak, elde ta\u015f\u0131maya veya duvara asmaya uygun zincirli.<\/p>\n<p>Boyut: Yakla\u015f\u0131k 20 cm \u00e7ap\u0131ndad\u0131r.<\/p>\n<p>Motifler:<\/p>\n<p>Aynan\u0131n \u00e7er\u00e7evesi ve arkas\u0131 tamamen el i\u015f\u00e7ili\u011fiyle repouss\u00e9 tekni\u011fi kullan\u0131larak \u00fcretilmi\u015ftir.<\/p>\n<p>\u00c7i\u00e7ek desenleri, \u00f6zellikle Osmanl\u0131 ve Anadolu s\u00fcsleme sanatlar\u0131nda yayg\u0131n olan lale ve rozet motiflerine benzemektedir.<\/p>\n<p>Kenarlar\u0131 midye ve k\u00fc\u00e7\u00fck \u00e7i\u00e7eklerle s\u00fcslenmi\u015ftir.<\/p>\n<p>\u00dczerindeki damga g\u00f6r\u00fcn\u00fcyor. Herhangi bir \u00e7atlak veya k\u0131r\u0131k yok (foto\u011fraflara bak\u0131n\u0131z). <\/p>\n","protected":false},"excerpt":{"rendered":"<p>Bu zarif 925 ayar g\u00fcm\u00fc\u015f gelin aynas\u0131, geleneksel T\u00fcrk g\u00fcm\u00fc\u015f i\u015f\u00e7ili\u011finin en g\u00fczel \u00f6rneklerinden biridir. Yuvarlak \u015fekilli ve 20 cm \u00e7ap\u0131ndaki ayna, tamamen el yap\u0131m\u0131 kabartma \u00e7i\u00e7ek motifleriyle s\u00fcslenmi\u015ftir. \u00c7er\u00e7evesindeki \u00e7i\u00e7ek ve midye desenleri, Osmanl\u0131 ve Anadolu s\u00fcsleme sanatlar\u0131ndan izler ta\u015f\u0131r. Gelin aynas\u0131 gelene\u011finde, gelinin d\u00fc\u011f\u00fcnden \u00f6nce bu \u00f6zel aynaya bakmas\u0131, safl\u0131\u011f\u0131n, g\u00fczelli\u011fin ve parlak [&hellip;]<\/p>\n","protected":false},"featured_media":7479,"comment_status":"open","ping_status":"closed","template":"","meta":[],"product_brand":[],"product_cat":[268,269],"product_tag":[],"class_list":{"0":"post-7496","1":"product","2":"type-product","3":"status-publish","4":"has-post-thumbnail","6":"product_cat-geleneksel","7":"product_cat-vintage-tr","9":"first","10":"instock","11":"sold-individually","12":"taxable","13":"shipping-taxable","14":"purchasable","15":"product-type-simple"},"_links":{"self":[{"href":"https:\/\/www.edomy.com.tr\/tr\/wp-json\/wp\/v2\/product\/7496","targetHints":{"allow":["GET"]}}],"collection":[{"href":"https:\/\/www.edomy.com.tr\/tr\/wp-json\/wp\/v2\/product"}],"about":[{"href":"https:\/\/www.edomy.com.tr\/tr\/wp-json\/wp\/v2\/types\/product"}],"replies":[{"embeddable":true,"href":"https:\/\/www.edomy.com.tr\/tr\/wp-json\/wp\/v2\/comments?post=7496"}],"wp:featuredmedia":[{"embeddable":true,"href":"https:\/\/www.edomy.com.tr\/tr\/wp-json\/wp\/v2\/media\/7479"}],"wp:attachment":[{"href":"https:\/\/www.edomy.com.tr\/tr\/wp-json\/wp\/v2\/media?parent=7496"}],"wp:term":[{"taxonomy":"product_brand","embeddable":true,"href":"https:\/\/www.edomy.com.tr\/tr\/wp-json\/wp\/v2\/product_brand?post=7496"},{"taxonomy":"product_cat","embeddable":true,"href":"https:\/\/www.edomy.com.tr\/tr\/wp-json\/wp\/v2\/product_cat?post=7496"},{"taxonomy":"product_tag","embeddable":true,"href":"https:\/\/www.edomy.com.tr\/tr\/wp-json\/wp\/v2\/product_tag?post=7496"}],"curies":[{"name":"wp","href":"https:\/\/api.w.org\/{rel}","templated":true}]}}