{"id":7476,"date":"2025-08-28T18:21:24","date_gmt":"2025-08-28T18:21:24","guid":{"rendered":"https:\/\/www.edomy.com.tr\/product\/vintage-masif-pirinc-havan-ve-tokmak\/"},"modified":"2025-08-28T18:21:24","modified_gmt":"2025-08-28T18:21:24","slug":"vintage-masif-pirinc-havan-ve-tokmak","status":"publish","type":"product","link":"https:\/\/www.edomy.com.tr\/tr\/urun\/vintage-masif-pirinc-havan-ve-tokmak\/","title":{"rendered":"Vintage Masif Pirin\u00e7 Havan ve Tokmak"},"content":{"rendered":"<p>20. y\u00fczy\u0131l ortalar\u0131ndan kalma, sa\u011flam pirin\u00e7ten yap\u0131lm\u0131\u015f bu havan ve tokmak, ot ve baharatlar\u0131 \u00f6\u011f\u00fctmek veya iddial\u0131 bir mutfak\/eczane e\u015fyas\u0131 olarak sergilemek i\u00e7in idealdir. 1960&#8217;lar-70&#8217;lerde \u00fcretilen bu a\u011f\u0131r set, orijinal eskitme patinas\u0131na ve fincanda ince torna \u00e7izgilerine sahiptir. <\/p>\n<p>Detaylar<\/p>\n<p>Malzeme: Kat\u0131 pirin\u00e7<\/p>\n<p>D\u00f6nem: 1960s\u20131970s<\/p>\n<p>A\u011f\u0131rl\u0131k: ~3 kg<\/p>\n<p>Boyutlar: havan g\u00f6vdesi y\u00fcksekli\u011fi 17 cm; havaneli uzunlu\u011fu 23 cm; toplam y\u00fckseklik ~40 cm<\/p>\n<p>Kullan\u0131m: otlar, baharatlar, k\u00fc\u00e7\u00fck botanikler; ayr\u0131ca vintage dekor olarak da harika<\/p>\n<p>Durum: Ya\u015fa ba\u011fl\u0131 izler, hafif y\u00fczey a\u015f\u0131nmas\u0131 ve patina ile iyi eski durum (foto\u011fraflara bak\u0131n)<\/p>\n<p>Bak\u0131m<br \/>\nSadece elde y\u0131kay\u0131n, hemen kurulay\u0131n. G\u0131dada kullanacaksan\u0131z, asitli\/tuzlu suda bekletmekten ka\u00e7\u0131n\u0131n; cila iste\u011fe ba\u011fl\u0131d\u0131r; orijinalli\u011fini korumak i\u00e7in patinas\u0131n\u0131 korumu\u015ftur.<\/p>\n<p>Kargo<br \/>\nG\u00fcvenli bir \u015fekilde paketlenmi\u015f; a\u011f\u0131r \u00fcr\u00fcn (~3 kg).<\/p>\n","protected":false},"excerpt":{"rendered":"<p>20. y\u00fczy\u0131l ortalar\u0131ndan kalma, sa\u011flam pirin\u00e7ten yap\u0131lm\u0131\u015f bu havan ve tokmak, ot ve baharatlar\u0131 \u00f6\u011f\u00fctmek veya iddial\u0131 bir mutfak\/eczane e\u015fyas\u0131 olarak sergilemek i\u00e7in idealdir. 1960&#8217;lar-70&#8217;lerde \u00fcretilen bu a\u011f\u0131r set, orijinal eskitme patinas\u0131na ve fincanda ince torna \u00e7izgilerine sahiptir. Detaylar Malzeme: Kat\u0131 pirin\u00e7 D\u00f6nem: 1960s\u20131970s A\u011f\u0131rl\u0131k: ~3 kg Boyutlar: havan g\u00f6vdesi y\u00fcksekli\u011fi 17 cm; havaneli uzunlu\u011fu [&hellip;]<\/p>\n","protected":false},"featured_media":7475,"comment_status":"open","ping_status":"closed","template":"","meta":[],"product_brand":[],"product_cat":[268,269],"product_tag":[],"class_list":{"0":"post-7476","1":"product","2":"type-product","3":"status-publish","4":"has-post-thumbnail","6":"product_cat-geleneksel","7":"product_cat-vintage-tr","9":"first","10":"instock","11":"taxable","12":"shipping-taxable","13":"purchasable","14":"product-type-simple"},"_links":{"self":[{"href":"https:\/\/www.edomy.com.tr\/tr\/wp-json\/wp\/v2\/product\/7476","targetHints":{"allow":["GET"]}}],"collection":[{"href":"https:\/\/www.edomy.com.tr\/tr\/wp-json\/wp\/v2\/product"}],"about":[{"href":"https:\/\/www.edomy.com.tr\/tr\/wp-json\/wp\/v2\/types\/product"}],"replies":[{"embeddable":true,"href":"https:\/\/www.edomy.com.tr\/tr\/wp-json\/wp\/v2\/comments?post=7476"}],"wp:featuredmedia":[{"embeddable":true,"href":"https:\/\/www.edomy.com.tr\/tr\/wp-json\/wp\/v2\/media\/7475"}],"wp:attachment":[{"href":"https:\/\/www.edomy.com.tr\/tr\/wp-json\/wp\/v2\/media?parent=7476"}],"wp:term":[{"taxonomy":"product_brand","embeddable":true,"href":"https:\/\/www.edomy.com.tr\/tr\/wp-json\/wp\/v2\/product_brand?post=7476"},{"taxonomy":"product_cat","embeddable":true,"href":"https:\/\/www.edomy.com.tr\/tr\/wp-json\/wp\/v2\/product_cat?post=7476"},{"taxonomy":"product_tag","embeddable":true,"href":"https:\/\/www.edomy.com.tr\/tr\/wp-json\/wp\/v2\/product_tag?post=7476"}],"curies":[{"name":"wp","href":"https:\/\/api.w.org\/{rel}","templated":true}]}}