{"id":7356,"date":"2025-08-21T11:19:22","date_gmt":"2025-08-21T11:19:22","guid":{"rendered":"https:\/\/www.edomy.com.tr\/product\/antika-vaftiz-kasesi-osmanli-tarzi-motiflerle-el-yapimi-pirinc-ve-cam\/"},"modified":"2025-08-21T11:19:22","modified_gmt":"2025-08-21T11:19:22","slug":"antika-vaftiz-kasesi-osmanli-tarzi-motiflerle-el-yapimi-pirinc-ve-cam","status":"publish","type":"product","link":"https:\/\/www.edomy.com.tr\/tr\/urun\/antika-vaftiz-kasesi-osmanli-tarzi-motiflerle-el-yapimi-pirinc-ve-cam\/","title":{"rendered":"Antika Vaftiz Kasesi &#8211; Osmanl\u0131 Tarz\u0131 Motiflerle El Yap\u0131m\u0131 Pirin\u00e7 ve Cam"},"content":{"rendered":"<p>Bu antika vaftiz kasesi, elle d\u00f6v\u00fclm\u00fc\u015f pirin\u00e7 detaylar\u0131 zarif buzlu cam g\u00f6vdesiyle birle\u015ftiren e\u015fsiz bir kutsal sanat eseridir. A\u011f\u0131z ve taban\u0131ndaki Osmanl\u0131 esintili \u00e7i\u00e7ek motifleri, as\u0131rl\u0131k zanaatk\u00e2rl\u0131\u011f\u0131 ve manevi sembolleri yans\u0131t\u0131r. Geleneksel olarak Hristiyan vaftiz t\u00f6renlerinde kullan\u0131lan bu kase, g\u00fcn\u00fcm\u00fczde dekoratif bir merkez par\u00e7as\u0131, koleksiyonluk antika veya miras hediyesi olarak da kullan\u0131labilir. Dini eserler, kutsal kaplar ve eski t\u00f6ren e\u015fyalar\u0131 koleksiyoncular\u0131 i\u00e7in m\u00fckemmeldir.   <\/p>\n<p>34 cm geni\u015fli\u011findedir, herhangi bir k\u0131r\u0131k veya \u00e7atlak yoktur<\/p>\n<p>Malzeme: Pirin\u00e7 ve Cam<\/p>\n<p>\u00c7i\u00e7ek Grav\u00fcrl\u00fc El Yap\u0131m\u0131 Tasar\u0131m<\/p>\n<p>Sembolik ve Koleksiyonluk Antika<\/p>\n","protected":false},"excerpt":{"rendered":"<p>Bu antika vaftiz kasesi, elle d\u00f6v\u00fclm\u00fc\u015f pirin\u00e7 detaylar\u0131 zarif buzlu cam g\u00f6vdesiyle birle\u015ftiren e\u015fsiz bir kutsal sanat eseridir. A\u011f\u0131z ve taban\u0131ndaki Osmanl\u0131 esintili \u00e7i\u00e7ek motifleri, as\u0131rl\u0131k zanaatk\u00e2rl\u0131\u011f\u0131 ve manevi sembolleri yans\u0131t\u0131r. Geleneksel olarak Hristiyan vaftiz t\u00f6renlerinde kullan\u0131lan bu kase, g\u00fcn\u00fcm\u00fczde dekoratif bir merkez par\u00e7as\u0131, koleksiyonluk antika veya miras hediyesi olarak da kullan\u0131labilir. Dini eserler, kutsal [&hellip;]<\/p>\n","protected":false},"featured_media":7351,"comment_status":"open","ping_status":"closed","template":"","meta":[],"product_brand":[],"product_cat":[270,271],"product_tag":[],"class_list":{"0":"post-7356","1":"product","2":"type-product","3":"status-publish","4":"has-post-thumbnail","6":"product_cat-antika","7":"product_cat-koleksiyon","9":"first","10":"instock","11":"sold-individually","12":"taxable","13":"shipping-taxable","14":"purchasable","15":"product-type-simple"},"_links":{"self":[{"href":"https:\/\/www.edomy.com.tr\/tr\/wp-json\/wp\/v2\/product\/7356","targetHints":{"allow":["GET"]}}],"collection":[{"href":"https:\/\/www.edomy.com.tr\/tr\/wp-json\/wp\/v2\/product"}],"about":[{"href":"https:\/\/www.edomy.com.tr\/tr\/wp-json\/wp\/v2\/types\/product"}],"replies":[{"embeddable":true,"href":"https:\/\/www.edomy.com.tr\/tr\/wp-json\/wp\/v2\/comments?post=7356"}],"wp:featuredmedia":[{"embeddable":true,"href":"https:\/\/www.edomy.com.tr\/tr\/wp-json\/wp\/v2\/media\/7351"}],"wp:attachment":[{"href":"https:\/\/www.edomy.com.tr\/tr\/wp-json\/wp\/v2\/media?parent=7356"}],"wp:term":[{"taxonomy":"product_brand","embeddable":true,"href":"https:\/\/www.edomy.com.tr\/tr\/wp-json\/wp\/v2\/product_brand?post=7356"},{"taxonomy":"product_cat","embeddable":true,"href":"https:\/\/www.edomy.com.tr\/tr\/wp-json\/wp\/v2\/product_cat?post=7356"},{"taxonomy":"product_tag","embeddable":true,"href":"https:\/\/www.edomy.com.tr\/tr\/wp-json\/wp\/v2\/product_tag?post=7356"}],"curies":[{"name":"wp","href":"https:\/\/api.w.org\/{rel}","templated":true}]}}