{"id":7345,"date":"2025-08-21T09:50:29","date_gmt":"2025-08-21T09:50:29","guid":{"rendered":"https:\/\/www.edomy.com.tr\/product\/muhtesem-osmanli-donemi-pirinc-el-degirmeni\/"},"modified":"2025-08-21T09:50:29","modified_gmt":"2025-08-21T09:50:29","slug":"muhtesem-osmanli-donemi-pirinc-el-degirmeni","status":"publish","type":"product","link":"https:\/\/www.edomy.com.tr\/tr\/urun\/muhtesem-osmanli-donemi-pirinc-el-degirmeni\/","title":{"rendered":"Muhte\u015fem Osmanl\u0131 D\u00f6nemi Pirin\u00e7 El De\u011firmeni"},"content":{"rendered":"<p>Bu otantik Osmanl\u0131 d\u00f6nemi pirin\u00e7 el de\u011firmeni, geleneksel olarak kahve ve baharat \u00f6\u011f\u00fctmek i\u00e7in kullan\u0131l\u0131rd\u0131. Tamamen el i\u015f\u00e7ili\u011fiyle \u00fcretilen bu antika de\u011firmen, detayl\u0131 grav\u00fcrleri ve sa\u011flam pirin\u00e7 g\u00f6vdesiyle d\u00f6nemin zarafetini yans\u0131t\u0131r. Y\u00fczy\u0131llar boyunca korunan bu antika de\u011firmen, koleksiyoncular, tarih merakl\u0131lar\u0131 ve i\u00e7 mimarlar i\u00e7in e\u015fsiz bir par\u00e7ad\u0131r. Hem i\u015flevsel bir mutfak aleti hem de \u00f6zg\u00fcn bir dekoratif e\u015fya olarak kullan\u0131labilir.<br \/>\n\u00dcr\u00fcn\u00fcm\u00fcz\u00fcn g\u00f6vde \u00e7ap\u0131 yakla\u015f\u0131k 5 cm, y\u00fcksekli\u011fi 30 cm ve a\u011f\u0131rl\u0131\u011f\u0131 800-900 gramd\u0131r.   <\/p>\n","protected":false},"excerpt":{"rendered":"<p>Bu otantik Osmanl\u0131 d\u00f6nemi pirin\u00e7 el de\u011firmeni, geleneksel olarak kahve ve baharat \u00f6\u011f\u00fctmek i\u00e7in kullan\u0131l\u0131rd\u0131. Tamamen el i\u015f\u00e7ili\u011fiyle \u00fcretilen bu antika de\u011firmen, detayl\u0131 grav\u00fcrleri ve sa\u011flam pirin\u00e7 g\u00f6vdesiyle d\u00f6nemin zarafetini yans\u0131t\u0131r. Y\u00fczy\u0131llar boyunca korunan bu antika de\u011firmen, koleksiyoncular, tarih merakl\u0131lar\u0131 ve i\u00e7 mimarlar i\u00e7in e\u015fsiz bir par\u00e7ad\u0131r. Hem i\u015flevsel bir mutfak aleti hem de \u00f6zg\u00fcn [&hellip;]<\/p>\n","protected":false},"featured_media":7342,"comment_status":"open","ping_status":"closed","template":"","meta":[],"product_brand":[],"product_cat":[270,271],"product_tag":[],"class_list":{"0":"post-7345","1":"product","2":"type-product","3":"status-publish","4":"has-post-thumbnail","6":"product_cat-antika","7":"product_cat-koleksiyon","9":"first","10":"instock","11":"sold-individually","12":"taxable","13":"shipping-taxable","14":"purchasable","15":"product-type-simple"},"_links":{"self":[{"href":"https:\/\/www.edomy.com.tr\/tr\/wp-json\/wp\/v2\/product\/7345","targetHints":{"allow":["GET"]}}],"collection":[{"href":"https:\/\/www.edomy.com.tr\/tr\/wp-json\/wp\/v2\/product"}],"about":[{"href":"https:\/\/www.edomy.com.tr\/tr\/wp-json\/wp\/v2\/types\/product"}],"replies":[{"embeddable":true,"href":"https:\/\/www.edomy.com.tr\/tr\/wp-json\/wp\/v2\/comments?post=7345"}],"wp:featuredmedia":[{"embeddable":true,"href":"https:\/\/www.edomy.com.tr\/tr\/wp-json\/wp\/v2\/media\/7342"}],"wp:attachment":[{"href":"https:\/\/www.edomy.com.tr\/tr\/wp-json\/wp\/v2\/media?parent=7345"}],"wp:term":[{"taxonomy":"product_brand","embeddable":true,"href":"https:\/\/www.edomy.com.tr\/tr\/wp-json\/wp\/v2\/product_brand?post=7345"},{"taxonomy":"product_cat","embeddable":true,"href":"https:\/\/www.edomy.com.tr\/tr\/wp-json\/wp\/v2\/product_cat?post=7345"},{"taxonomy":"product_tag","embeddable":true,"href":"https:\/\/www.edomy.com.tr\/tr\/wp-json\/wp\/v2\/product_tag?post=7345"}],"curies":[{"name":"wp","href":"https:\/\/api.w.org\/{rel}","templated":true}]}}