{"id":7248,"date":"2025-08-12T14:46:07","date_gmt":"2025-08-12T14:46:07","guid":{"rendered":"https:\/\/www.edomy.com.tr\/product\/alman-bira-kupasi\/"},"modified":"2025-08-12T14:46:07","modified_gmt":"2025-08-12T14:46:07","slug":"alman-bira-kupasi","status":"publish","type":"product","link":"https:\/\/www.edomy.com.tr\/tr\/urun\/alman-bira-kupasi\/","title":{"rendered":"Alman Bira Kupas\u0131<br><br><br>"},"content":{"rendered":"<p>* Bu bardaklar genellikle vintage seramik bira kupalar\u0131 (beer stein) olarak bilinir.<br \/>Ta\u015f seramik (stoneware)den imal edilmi\u015f, d\u0131\u015f y\u00fczeyi kabartma (relief) tekni\u011fiyle yap\u0131lm\u0131\u015f fig\u00fcrler ve manzara sahneleri ile donat\u0131lm\u0131\u015ft\u0131r. Bir y\u00fcz\u00fcnde tarihi bir k\u00f6y evi ve do\u011fa manzaras\u0131, di\u011fer y\u00fcz\u00fcnde geleneksel k\u0131yafetli, Orta Avrupa (Bavyera) tarz\u0131nda giyinmi\u015f iki fig\u00fcr bulunmaktad\u0131r. Bu kupalar \u00f6zellikle 20. y\u00fczy\u0131l ortalar\u0131ndan itibaren Almanya ve \u00e7evresinde \u00fcretilmi\u015ftir. Turistik hediyelik e\u015fya veya bira festivali (Oktoberfest) hat\u0131ras\u0131 olarak yayg\u0131nd\u0131r. Dekoratif ama\u00e7l\u0131 veya bira\/so\u011fuk i\u00e7ecek servisi i\u00e7in kullan\u0131lmaya elveri\u015fli olup el boyamas\u0131 ve kabartma detaylar\u0131 iyi korunmu\u015ftur, nostaljik de\u011feri bulunmaktad\u0131r. \u0130\u00e7 hacmi yakla\u015f\u0131k 350cc, k\u0131r\u0131k \u00e7atlak, a\u015f\u0131nma vb yoktur. \u0130ki adettir      <\/p>\n","protected":false},"excerpt":{"rendered":"<p>* Bu bardaklar genellikle vintage seramik bira kupalar\u0131 (beer stein) olarak bilinir.Ta\u015f seramik (stoneware)den imal edilmi\u015f, d\u0131\u015f y\u00fczeyi kabartma (relief) tekni\u011fiyle yap\u0131lm\u0131\u015f fig\u00fcrler ve manzara sahneleri ile donat\u0131lm\u0131\u015ft\u0131r. Bir y\u00fcz\u00fcnde tarihi bir k\u00f6y evi ve do\u011fa manzaras\u0131, di\u011fer y\u00fcz\u00fcnde geleneksel k\u0131yafetli, Orta Avrupa (Bavyera) tarz\u0131nda giyinmi\u015f iki fig\u00fcr bulunmaktad\u0131r. Bu kupalar \u00f6zellikle 20. y\u00fczy\u0131l ortalar\u0131ndan [&hellip;]<\/p>\n","protected":false},"featured_media":7247,"comment_status":"open","ping_status":"closed","template":"","meta":[],"product_brand":[],"product_cat":[268,269],"product_tag":[],"class_list":{"0":"post-7248","1":"product","2":"type-product","3":"status-publish","4":"has-post-thumbnail","6":"product_cat-geleneksel","7":"product_cat-vintage-tr","9":"first","10":"instock","11":"taxable","12":"shipping-taxable","13":"purchasable","14":"product-type-simple"},"_links":{"self":[{"href":"https:\/\/www.edomy.com.tr\/tr\/wp-json\/wp\/v2\/product\/7248","targetHints":{"allow":["GET"]}}],"collection":[{"href":"https:\/\/www.edomy.com.tr\/tr\/wp-json\/wp\/v2\/product"}],"about":[{"href":"https:\/\/www.edomy.com.tr\/tr\/wp-json\/wp\/v2\/types\/product"}],"replies":[{"embeddable":true,"href":"https:\/\/www.edomy.com.tr\/tr\/wp-json\/wp\/v2\/comments?post=7248"}],"wp:featuredmedia":[{"embeddable":true,"href":"https:\/\/www.edomy.com.tr\/tr\/wp-json\/wp\/v2\/media\/7247"}],"wp:attachment":[{"href":"https:\/\/www.edomy.com.tr\/tr\/wp-json\/wp\/v2\/media?parent=7248"}],"wp:term":[{"taxonomy":"product_brand","embeddable":true,"href":"https:\/\/www.edomy.com.tr\/tr\/wp-json\/wp\/v2\/product_brand?post=7248"},{"taxonomy":"product_cat","embeddable":true,"href":"https:\/\/www.edomy.com.tr\/tr\/wp-json\/wp\/v2\/product_cat?post=7248"},{"taxonomy":"product_tag","embeddable":true,"href":"https:\/\/www.edomy.com.tr\/tr\/wp-json\/wp\/v2\/product_tag?post=7248"}],"curies":[{"name":"wp","href":"https:\/\/api.w.org\/{rel}","templated":true}]}}