{"id":7234,"date":"2025-08-12T13:05:33","date_gmt":"2025-08-12T13:05:33","guid":{"rendered":"https:\/\/www.edomy.com.tr\/product\/osmanli-donemi-bakir-el-dovme-antika-icki-kasesi-demir-sapli-19-yuzyil-sonlari-20-yuzyil-baslari\/"},"modified":"2025-08-12T13:05:33","modified_gmt":"2025-08-12T13:05:33","slug":"osmanli-donemi-bakir-el-dovme-antika-icki-kasesi-demir-sapli-19-yuzyil-sonlari-20-yuzyil-baslari","status":"publish","type":"product","link":"https:\/\/www.edomy.com.tr\/tr\/urun\/osmanli-donemi-bakir-el-dovme-antika-icki-kasesi-demir-sapli-19-yuzyil-sonlari-20-yuzyil-baslari\/","title":{"rendered":"Osmanl\u0131 D\u00f6nemi Bak\u0131r El D\u00f6vme Antika \u0130\u00e7ki Kasesi &#8211; Demir Sapl\u0131 &#8211; 19. Y\u00fczy\u0131l Sonlar\u0131 &#8211; 20. Y\u00fczy\u0131l Ba\u015flar\u0131&#8221;"},"content":{"rendered":"<p>Bu k\u00e2se, Osmanl\u0131 \u0130mparatorlu\u011fu&#8217;nun son d\u00f6nem mutfak k\u00fclt\u00fcr\u00fcnde yayg\u0131n olarak kullan\u0131lan bak\u0131r ala\u015f\u0131ml\u0131 i\u00e7ki kaplar\u0131n\u0131n tipik bir \u00f6rne\u011fidir. El yap\u0131m\u0131 olan k\u00e2senin sap\u0131 demirden yap\u0131lm\u0131\u015f ve g\u00f6vdeye per\u00e7inlerle sabitlenmi\u015ftir. Bu fincanlar k\u00f6y kahvehanelerinde, hanlarda, askeri birliklerde ve evlerde su, \u015ferbet, ayran ve s\u0131cak \u00e7orba gibi i\u00e7ecekleri ta\u015f\u0131mak i\u00e7in kullan\u0131lm\u0131\u015ft\u0131r. \u00d6zellikle 19. y\u00fczy\u0131l\u0131n sonlar\u0131 ve 20. y\u00fczy\u0131l\u0131n ba\u015flar\u0131nda Anadolu&#8217;nun bir\u00e7ok yerinde standart mutfak e\u015fyalar\u0131yd\u0131. Y\u00fczeylerindeki patina ve kullan\u0131m izleri, bu fincanlar\u0131n hem i\u015flevsel hem de dayan\u0131kl\u0131 oldu\u011funu g\u00f6stermektedir. \u00dcretim tarihleri 1890-1930 y\u0131llar\u0131 aras\u0131ndad\u0131r ve belirgin el i\u015f\u00e7ili\u011fi, per\u00e7inli demir sap tasar\u0131m\u0131n\u0131n 20. y\u00fczy\u0131l\u0131n ortalar\u0131ndan sonra terk edilmesi ve Osmanl\u0131 d\u00f6neminden Cumhuriyet&#8217;in ilk y\u0131llar\u0131na kadar a\u011f\u0131z ve g\u00f6vdenin kendine \u00f6zg\u00fc \u015fekli bunu kan\u0131tlamaktad\u0131r. Fincanda \u00e7atlak ve deformasyon yoktur. Y\u00fcksekli\u011fi 6-8 cm, a\u011f\u0131z geni\u015fli\u011fi ise 9 cm&#8217;dir.       <\/p>\n","protected":false},"excerpt":{"rendered":"<p>Bu k\u00e2se, Osmanl\u0131 \u0130mparatorlu\u011fu&#8217;nun son d\u00f6nem mutfak k\u00fclt\u00fcr\u00fcnde yayg\u0131n olarak kullan\u0131lan bak\u0131r ala\u015f\u0131ml\u0131 i\u00e7ki kaplar\u0131n\u0131n tipik bir \u00f6rne\u011fidir. El yap\u0131m\u0131 olan k\u00e2senin sap\u0131 demirden yap\u0131lm\u0131\u015f ve g\u00f6vdeye per\u00e7inlerle sabitlenmi\u015ftir. Bu fincanlar k\u00f6y kahvehanelerinde, hanlarda, askeri birliklerde ve evlerde su, \u015ferbet, ayran ve s\u0131cak \u00e7orba gibi i\u00e7ecekleri ta\u015f\u0131mak i\u00e7in kullan\u0131lm\u0131\u015ft\u0131r. \u00d6zellikle 19. y\u00fczy\u0131l\u0131n sonlar\u0131 ve 20. [&hellip;]<\/p>\n","protected":false},"featured_media":7233,"comment_status":"open","ping_status":"closed","template":"","meta":[],"product_brand":[],"product_cat":[270],"product_tag":[],"class_list":{"0":"post-7234","1":"product","2":"type-product","3":"status-publish","4":"has-post-thumbnail","6":"product_cat-antika","8":"first","9":"instock","10":"taxable","11":"shipping-taxable","12":"purchasable","13":"product-type-simple"},"_links":{"self":[{"href":"https:\/\/www.edomy.com.tr\/tr\/wp-json\/wp\/v2\/product\/7234","targetHints":{"allow":["GET"]}}],"collection":[{"href":"https:\/\/www.edomy.com.tr\/tr\/wp-json\/wp\/v2\/product"}],"about":[{"href":"https:\/\/www.edomy.com.tr\/tr\/wp-json\/wp\/v2\/types\/product"}],"replies":[{"embeddable":true,"href":"https:\/\/www.edomy.com.tr\/tr\/wp-json\/wp\/v2\/comments?post=7234"}],"wp:featuredmedia":[{"embeddable":true,"href":"https:\/\/www.edomy.com.tr\/tr\/wp-json\/wp\/v2\/media\/7233"}],"wp:attachment":[{"href":"https:\/\/www.edomy.com.tr\/tr\/wp-json\/wp\/v2\/media?parent=7234"}],"wp:term":[{"taxonomy":"product_brand","embeddable":true,"href":"https:\/\/www.edomy.com.tr\/tr\/wp-json\/wp\/v2\/product_brand?post=7234"},{"taxonomy":"product_cat","embeddable":true,"href":"https:\/\/www.edomy.com.tr\/tr\/wp-json\/wp\/v2\/product_cat?post=7234"},{"taxonomy":"product_tag","embeddable":true,"href":"https:\/\/www.edomy.com.tr\/tr\/wp-json\/wp\/v2\/product_tag?post=7234"}],"curies":[{"name":"wp","href":"https:\/\/api.w.org\/{rel}","templated":true}]}}