{"id":7209,"date":"2025-08-12T09:30:49","date_gmt":"2025-08-12T09:30:49","guid":{"rendered":"https:\/\/www.edomy.com.tr\/product\/tibet-meditasyon-kasesi\/"},"modified":"2025-08-12T09:30:49","modified_gmt":"2025-08-12T09:30:49","slug":"tibet-meditasyon-kasesi","status":"publish","type":"product","link":"https:\/\/www.edomy.com.tr\/tr\/urun\/tibet-meditasyon-kasesi\/","title":{"rendered":"Tibet Meditasyon Kasesi"},"content":{"rendered":"<p>\u2022 Bu par\u00e7a geleneksel Tibet \u00c7anak \u00c7an\u0131 di\u011fer ad\u0131yla Tibet \u015eark\u0131 \u00c7an\u0131 olarak da bilinir. 18 cm \u00e7ap\u0131nda g\u00f6l kaplama \u00fczerine g\u00fcm\u00fc\u015f beyaz tonunda oyma mantra &#8220;Om Mani Padme Hum&#8221; yaz\u0131l\u0131d\u0131r. Tibet Budizmi\u2019nin en bilinen ve kutsal kabul edilen s\u00f6zlerinden biridir ve \u015fefkatin bodhisattvas\u0131 olan Avalokite\u015fvara\u2019ya ithaf edilmi\u015ftir. Ah\u015fap tokmak \u00e7an\u0131n\u0131n d\u0131\u015f \u00e7evresinde y\u00f6nlendirilerek rezonans olu\u015fturur. Bu ses, meditasyonu derinle\u015ftirir ve zihni sakinle\u015ftirir. Tibet, Nepal ve Hindistan\u2019da ruhsal iyile\u015fme, enerji temizli\u011fi ve dini t\u00f6renlerde kullan\u0131l\u0131r.     <\/p>\n","protected":false},"excerpt":{"rendered":"<p>\u2022 Bu par\u00e7a geleneksel Tibet \u00c7anak \u00c7an\u0131 di\u011fer ad\u0131yla Tibet \u015eark\u0131 \u00c7an\u0131 olarak da bilinir. 18 cm \u00e7ap\u0131nda g\u00f6l kaplama \u00fczerine g\u00fcm\u00fc\u015f beyaz tonunda oyma mantra &#8220;Om Mani Padme Hum&#8221; yaz\u0131l\u0131d\u0131r. Tibet Budizmi\u2019nin en bilinen ve kutsal kabul edilen s\u00f6zlerinden biridir ve \u015fefkatin bodhisattvas\u0131 olan Avalokite\u015fvara\u2019ya ithaf edilmi\u015ftir. Ah\u015fap tokmak \u00e7an\u0131n\u0131n d\u0131\u015f \u00e7evresinde y\u00f6nlendirilerek rezonans [&hellip;]<\/p>\n","protected":false},"featured_media":7208,"comment_status":"open","ping_status":"closed","template":"","meta":[],"product_brand":[],"product_cat":[268],"product_tag":[],"class_list":{"0":"post-7209","1":"product","2":"type-product","3":"status-publish","4":"has-post-thumbnail","6":"product_cat-geleneksel","8":"first","9":"instock","10":"taxable","11":"shipping-taxable","12":"purchasable","13":"product-type-simple"},"_links":{"self":[{"href":"https:\/\/www.edomy.com.tr\/tr\/wp-json\/wp\/v2\/product\/7209","targetHints":{"allow":["GET"]}}],"collection":[{"href":"https:\/\/www.edomy.com.tr\/tr\/wp-json\/wp\/v2\/product"}],"about":[{"href":"https:\/\/www.edomy.com.tr\/tr\/wp-json\/wp\/v2\/types\/product"}],"replies":[{"embeddable":true,"href":"https:\/\/www.edomy.com.tr\/tr\/wp-json\/wp\/v2\/comments?post=7209"}],"wp:featuredmedia":[{"embeddable":true,"href":"https:\/\/www.edomy.com.tr\/tr\/wp-json\/wp\/v2\/media\/7208"}],"wp:attachment":[{"href":"https:\/\/www.edomy.com.tr\/tr\/wp-json\/wp\/v2\/media?parent=7209"}],"wp:term":[{"taxonomy":"product_brand","embeddable":true,"href":"https:\/\/www.edomy.com.tr\/tr\/wp-json\/wp\/v2\/product_brand?post=7209"},{"taxonomy":"product_cat","embeddable":true,"href":"https:\/\/www.edomy.com.tr\/tr\/wp-json\/wp\/v2\/product_cat?post=7209"},{"taxonomy":"product_tag","embeddable":true,"href":"https:\/\/www.edomy.com.tr\/tr\/wp-json\/wp\/v2\/product_tag?post=7209"}],"curies":[{"name":"wp","href":"https:\/\/api.w.org\/{rel}","templated":true}]}}