{"id":6690,"date":"2025-07-01T18:29:55","date_gmt":"2025-07-01T18:29:55","guid":{"rendered":"https:\/\/new.edomy.com.tr\/product\/vintage-mercian-cini-dekoratif-tabak-chastleton-house-ingiltere\/"},"modified":"2025-07-01T18:29:55","modified_gmt":"2025-07-01T18:29:55","slug":"vintage-mercian-cini-dekoratif-tabak-chastleton-house-ingiltere","status":"publish","type":"product","link":"https:\/\/www.edomy.com.tr\/tr\/urun\/vintage-mercian-cini-dekoratif-tabak-chastleton-house-ingiltere\/","title":{"rendered":"Vintage Mercian \u00c7ini Dekoratif Tabak &#8211; Chastleton House, \u0130ngiltere"},"content":{"rendered":"<p>\u00dcr\u00fcn A\u00e7\u0131klamas\u0131: Bu, Mercian China taraf\u0131ndan yap\u0131lm\u0131\u015f, 1600&#8217;l\u00fc y\u0131llarda in\u015fa edilen \u0130ngiltere, Oxfordshire&#8217;daki bir Jakoben malikanesi olan Chasleton House&#8217;un karma\u015f\u0131k siyah ill\u00fcstrasyonunu i\u00e7eren g\u00fczel bir vintage koleksiyoncu taba\u011f\u0131d\u0131r. Tabak, klasik \u0130ngiliz tasar\u0131m\u0131n\u0131 yans\u0131tan zarif alt\u0131n s\u00fcslemelere ve tarakl\u0131 kenarlara sahiptir. Taba\u011f\u0131n arkas\u0131nda, \u00f6zg\u00fcnl\u00fc\u011f\u00fcne ve \u00e7ekicili\u011fine katk\u0131da bulunan bas\u0131l\u0131 bir tarihi not ve arma bulunur. \u0130ngiliz miras\u0131 e\u015fya koleksiyoncular\u0131, porselen merakl\u0131lar\u0131 veya geleneksel olarak dekore edilmi\u015f bir evde b\u00fcy\u00fcleyici bir duvar veya dolap sergisi i\u00e7in idealdir.<\/p>\n<p>\u00dcr\u00fcnde \u00e7atlama, bozulma veya a\u015f\u0131nma yoktur.<\/p>\n<p>Dikkatlice paketlenecek ve takip numaras\u0131yla g\u00f6nderilecektir. \u0130nternational buyers welcome!<\/p>\n","protected":false},"excerpt":{"rendered":"<p>\u00dcr\u00fcn A\u00e7\u0131klamas\u0131: Bu, Mercian China taraf\u0131ndan yap\u0131lm\u0131\u015f, 1600&#8217;l\u00fc y\u0131llarda in\u015fa edilen \u0130ngiltere, Oxfordshire&#8217;daki bir Jakoben malikanesi olan Chasleton House&#8217;un karma\u015f\u0131k siyah ill\u00fcstrasyonunu i\u00e7eren g\u00fczel bir vintage koleksiyoncu taba\u011f\u0131d\u0131r. Tabak, klasik \u0130ngiliz tasar\u0131m\u0131n\u0131 yans\u0131tan zarif alt\u0131n s\u00fcslemelere ve tarakl\u0131 kenarlara sahiptir. Taba\u011f\u0131n arkas\u0131nda, \u00f6zg\u00fcnl\u00fc\u011f\u00fcne ve \u00e7ekicili\u011fine katk\u0131da bulunan bas\u0131l\u0131 bir tarihi not ve arma bulunur. \u0130ngiliz [&hellip;]<\/p>\n","protected":false},"featured_media":6604,"comment_status":"open","ping_status":"closed","template":"","meta":[],"product_brand":[],"product_cat":[271,269],"product_tag":[],"class_list":{"0":"post-6690","1":"product","2":"type-product","3":"status-publish","4":"has-post-thumbnail","6":"product_cat-koleksiyon","7":"product_cat-vintage-tr","9":"first","10":"instock","11":"sold-individually","12":"taxable","13":"shipping-taxable","14":"purchasable","15":"product-type-simple"},"_links":{"self":[{"href":"https:\/\/www.edomy.com.tr\/tr\/wp-json\/wp\/v2\/product\/6690","targetHints":{"allow":["GET"]}}],"collection":[{"href":"https:\/\/www.edomy.com.tr\/tr\/wp-json\/wp\/v2\/product"}],"about":[{"href":"https:\/\/www.edomy.com.tr\/tr\/wp-json\/wp\/v2\/types\/product"}],"replies":[{"embeddable":true,"href":"https:\/\/www.edomy.com.tr\/tr\/wp-json\/wp\/v2\/comments?post=6690"}],"wp:featuredmedia":[{"embeddable":true,"href":"https:\/\/www.edomy.com.tr\/tr\/wp-json\/wp\/v2\/media\/6604"}],"wp:attachment":[{"href":"https:\/\/www.edomy.com.tr\/tr\/wp-json\/wp\/v2\/media?parent=6690"}],"wp:term":[{"taxonomy":"product_brand","embeddable":true,"href":"https:\/\/www.edomy.com.tr\/tr\/wp-json\/wp\/v2\/product_brand?post=6690"},{"taxonomy":"product_cat","embeddable":true,"href":"https:\/\/www.edomy.com.tr\/tr\/wp-json\/wp\/v2\/product_cat?post=6690"},{"taxonomy":"product_tag","embeddable":true,"href":"https:\/\/www.edomy.com.tr\/tr\/wp-json\/wp\/v2\/product_tag?post=6690"}],"curies":[{"name":"wp","href":"https:\/\/api.w.org\/{rel}","templated":true}]}}