{"id":6689,"date":"2025-07-01T19:58:16","date_gmt":"2025-07-01T19:58:16","guid":{"rendered":"https:\/\/new.edomy.com.tr\/product\/porselende-bir-kis-koleksiyoncu-sanat-tabagi\/"},"modified":"2025-12-25T06:58:46","modified_gmt":"2025-12-25T06:58:46","slug":"porselende-bir-kis-koleksiyoncu-sanat-tabagi","status":"publish","type":"product","link":"https:\/\/www.edomy.com.tr\/tr\/urun\/porselende-bir-kis-koleksiyoncu-sanat-tabagi\/","title":{"rendered":"Porselende bir k\u0131\u015f &#8220;Koleksiyoncu Sanat Taba\u011f\u0131&#8221;"},"content":{"rendered":"<p>\u00dcnl\u00fc Hollandal\u0131 sanat\u00e7\u0131 B.C.Koekkoek&#8217;in (1803-1862) resimlerinden esinlenen bu zarif porselen tabak, 19. y\u00fczy\u0131l\u0131n dingin g\u00fczelli\u011fini yakalar. Tabak, \u0130ngiliz ince \u00e7ini i\u015f\u00e7ili\u011finin zamans\u0131z zarafetini yans\u0131t\u0131r. . Fig\u00fcrl\u00fc evler ve atl\u0131 k\u0131zaklarla karla kapl\u0131 bir k\u0131rsal\u0131 tasvir eden sanat eseri, s\u0131cakl\u0131k ve nostaljiyi \u00e7a\u011fr\u0131\u015ft\u0131rarak onu klasik i\u00e7 mekanlar, \u015f\u00f6mine raflar\u0131 veya koleksiyoncu dolaplar\u0131 i\u00e7in m\u00fckemmel bir sergileme par\u00e7as\u0131 haline getirir K\u0131\u015f Manzaras\u0131 Sanat Eseri, bu zarif ve etkileyici koleksiyon par\u00e7as\u0131yla Avrupa sanat tarihinin bir par\u00e7as\u0131n\u0131 evinize getiriyor.<\/p>\n<p>\u00dcr\u00fcnde \u00e7atlama, bozulma veya a\u015f\u0131nma yoktur.<\/p>\n<p>Dikkatlice paketlenecek ve takip numaras\u0131yla g\u00f6nderilecektir.<\/p>\n","protected":false},"excerpt":{"rendered":"<p>\u00dcnl\u00fc Hollandal\u0131 sanat\u00e7\u0131 B.C.Koekkoek&#8217;in (1803-1862) resimlerinden esinlenen bu zarif porselen tabak, 19. y\u00fczy\u0131l\u0131n dingin g\u00fczelli\u011fini yakalar. Tabak, \u0130ngiliz ince \u00e7ini i\u015f\u00e7ili\u011finin zamans\u0131z zarafetini yans\u0131t\u0131r. . Fig\u00fcrl\u00fc evler ve atl\u0131 k\u0131zaklarla karla kapl\u0131 bir k\u0131rsal\u0131 tasvir eden sanat eseri, s\u0131cakl\u0131k ve nostaljiyi \u00e7a\u011fr\u0131\u015ft\u0131rarak onu klasik i\u00e7 mekanlar, \u015f\u00f6mine raflar\u0131 veya koleksiyoncu dolaplar\u0131 i\u00e7in m\u00fckemmel bir sergileme [&hellip;]<\/p>\n","protected":false},"featured_media":6599,"comment_status":"open","ping_status":"closed","template":"","meta":[],"product_brand":[],"product_cat":[271,269],"product_tag":[],"class_list":{"0":"post-6689","1":"product","2":"type-product","3":"status-publish","4":"has-post-thumbnail","6":"product_cat-koleksiyon","7":"product_cat-vintage-tr","9":"first","10":"outofstock","11":"sold-individually","12":"taxable","13":"shipping-taxable","14":"purchasable","15":"product-type-simple"},"_links":{"self":[{"href":"https:\/\/www.edomy.com.tr\/tr\/wp-json\/wp\/v2\/product\/6689","targetHints":{"allow":["GET"]}}],"collection":[{"href":"https:\/\/www.edomy.com.tr\/tr\/wp-json\/wp\/v2\/product"}],"about":[{"href":"https:\/\/www.edomy.com.tr\/tr\/wp-json\/wp\/v2\/types\/product"}],"replies":[{"embeddable":true,"href":"https:\/\/www.edomy.com.tr\/tr\/wp-json\/wp\/v2\/comments?post=6689"}],"wp:featuredmedia":[{"embeddable":true,"href":"https:\/\/www.edomy.com.tr\/tr\/wp-json\/wp\/v2\/media\/6599"}],"wp:attachment":[{"href":"https:\/\/www.edomy.com.tr\/tr\/wp-json\/wp\/v2\/media?parent=6689"}],"wp:term":[{"taxonomy":"product_brand","embeddable":true,"href":"https:\/\/www.edomy.com.tr\/tr\/wp-json\/wp\/v2\/product_brand?post=6689"},{"taxonomy":"product_cat","embeddable":true,"href":"https:\/\/www.edomy.com.tr\/tr\/wp-json\/wp\/v2\/product_cat?post=6689"},{"taxonomy":"product_tag","embeddable":true,"href":"https:\/\/www.edomy.com.tr\/tr\/wp-json\/wp\/v2\/product_tag?post=6689"}],"curies":[{"name":"wp","href":"https:\/\/api.w.org\/{rel}","templated":true}]}}