{"id":6688,"date":"2025-07-01T21:44:07","date_gmt":"2025-07-01T21:44:07","guid":{"rendered":"https:\/\/new.edomy.com.tr\/product\/crown-staffordshire-ince-kemik-cini-porselen-tabak-louvre-muzesindeki-alphonsin-fournaise-otelcinin-kizi\/"},"modified":"2025-07-01T21:44:07","modified_gmt":"2025-07-01T21:44:07","slug":"crown-staffordshire-ince-kemik-cini-porselen-tabak-louvre-muzesindeki-alphonsin-fournaise-otelcinin-kizi","status":"publish","type":"product","link":"https:\/\/www.edomy.com.tr\/tr\/urun\/crown-staffordshire-ince-kemik-cini-porselen-tabak-louvre-muzesindeki-alphonsin-fournaise-otelcinin-kizi\/","title":{"rendered":"Crown Staffordshire \u0130nce Kemik \u00c7ini Porselen Tabak &#8211; Louvre M\u00fczesi&#8217;ndeki Alphonsin Fournaise Otelci&#8217;nin K\u0131z\u0131"},"content":{"rendered":"<p>Bu par\u00e7a Crown Staffordshire Fine Bone China taraf\u0131ndan \u00fcretilmi\u015ftir ve empresyonist Pierre Auguste Renoir&#8217;\u0131n \u00fcnl\u00fc &#8220;Alphonsine Fournaise&#8221; tablosunun bir reprod\u00fcksiyonudur. Taba\u011f\u0131n arkas\u0131ndaki a\u00e7\u0131klamada eser, Chatou Adas\u0131&#8217;ndaki Bir Restoranda Oturan Otelcinin K\u0131z\u0131n\u0131n Portresi olarak tan\u0131mlanmaktad\u0131r ve orijinal tablo Paris&#8217;teki Louvre M\u00fczesi&#8217;ndedir. Bu tabak 4 par\u00e7adan olu\u015fan bir koleksiyonun par\u00e7as\u0131d\u0131r.  <\/p>\n<p>\u00dcr\u00fcnde \u00e7atlama, bozulma veya a\u015f\u0131nma yoktur.<\/p>\n<p>Dikkatlice paketlenecek ve takip numaras\u0131yla g\u00f6nderilecektir.<\/p>\n","protected":false},"excerpt":{"rendered":"<p>Bu par\u00e7a Crown Staffordshire Fine Bone China taraf\u0131ndan \u00fcretilmi\u015ftir ve empresyonist Pierre Auguste Renoir&#8217;\u0131n \u00fcnl\u00fc &#8220;Alphonsine Fournaise&#8221; tablosunun bir reprod\u00fcksiyonudur. Taba\u011f\u0131n arkas\u0131ndaki a\u00e7\u0131klamada eser, Chatou Adas\u0131&#8217;ndaki Bir Restoranda Oturan Otelcinin K\u0131z\u0131n\u0131n Portresi olarak tan\u0131mlanmaktad\u0131r ve orijinal tablo Paris&#8217;teki Louvre M\u00fczesi&#8217;ndedir. Bu tabak 4 par\u00e7adan olu\u015fan bir koleksiyonun par\u00e7as\u0131d\u0131r. \u00dcr\u00fcnde \u00e7atlama, bozulma veya a\u015f\u0131nma yoktur. Dikkatlice [&hellip;]<\/p>\n","protected":false},"featured_media":6593,"comment_status":"open","ping_status":"closed","template":"","meta":[],"product_brand":[],"product_cat":[271,269],"product_tag":[],"class_list":{"0":"post-6688","1":"product","2":"type-product","3":"status-publish","4":"has-post-thumbnail","6":"product_cat-koleksiyon","7":"product_cat-vintage-tr","9":"first","10":"instock","11":"sold-individually","12":"taxable","13":"shipping-taxable","14":"purchasable","15":"product-type-simple"},"_links":{"self":[{"href":"https:\/\/www.edomy.com.tr\/tr\/wp-json\/wp\/v2\/product\/6688","targetHints":{"allow":["GET"]}}],"collection":[{"href":"https:\/\/www.edomy.com.tr\/tr\/wp-json\/wp\/v2\/product"}],"about":[{"href":"https:\/\/www.edomy.com.tr\/tr\/wp-json\/wp\/v2\/types\/product"}],"replies":[{"embeddable":true,"href":"https:\/\/www.edomy.com.tr\/tr\/wp-json\/wp\/v2\/comments?post=6688"}],"wp:featuredmedia":[{"embeddable":true,"href":"https:\/\/www.edomy.com.tr\/tr\/wp-json\/wp\/v2\/media\/6593"}],"wp:attachment":[{"href":"https:\/\/www.edomy.com.tr\/tr\/wp-json\/wp\/v2\/media?parent=6688"}],"wp:term":[{"taxonomy":"product_brand","embeddable":true,"href":"https:\/\/www.edomy.com.tr\/tr\/wp-json\/wp\/v2\/product_brand?post=6688"},{"taxonomy":"product_cat","embeddable":true,"href":"https:\/\/www.edomy.com.tr\/tr\/wp-json\/wp\/v2\/product_cat?post=6688"},{"taxonomy":"product_tag","embeddable":true,"href":"https:\/\/www.edomy.com.tr\/tr\/wp-json\/wp\/v2\/product_tag?post=6688"}],"curies":[{"name":"wp","href":"https:\/\/api.w.org\/{rel}","templated":true}]}}