{"id":6687,"date":"2025-07-02T17:58:51","date_gmt":"2025-07-02T17:58:51","guid":{"rendered":"https:\/\/new.edomy.com.tr\/product\/renoirin-chatoudaki-kurekciler-crown-staffordshire-ince-kemik-cini-koleksiyonluk-tabak\/"},"modified":"2025-07-02T17:58:51","modified_gmt":"2025-07-02T17:58:51","slug":"renoirin-chatoudaki-kurekciler-crown-staffordshire-ince-kemik-cini-koleksiyonluk-tabak","status":"publish","type":"product","link":"https:\/\/www.edomy.com.tr\/tr\/urun\/renoirin-chatoudaki-kurekciler-crown-staffordshire-ince-kemik-cini-koleksiyonluk-tabak\/","title":{"rendered":"Renoir&#8217;\u0131n &#8220;Chatou&#8217;daki K\u00fcrek\u00e7iler&#8221; Crown Staffordshire \u0130nce Kemik \u00c7ini Koleksiyonluk Tabak"},"content":{"rendered":"<p>Bu porselen tabak, \u0130ngiliz markas\u0131 &#8220;Crown Staffordshire&#8221; koleksiyonunun bir par\u00e7as\u0131d\u0131r ve ince kemik \u00e7iniden \u00fcretilmi\u015ftir. Tabaktaki sanat eseri, \u00fcnl\u00fc Frans\u0131z izlenimci ressam Pierre-Auguste Renoir&#8217;\u0131n (1841-1919) &#8220;Chatou&#8217;da K\u00fcrek\u00e7iler&#8221; adl\u0131 tablosudur. Bu eser, Washington&#8217;daki Ulusal Sanat Galerisi koleksiyonunda yer almaktad\u0131r. 1980-1990 y\u0131llar\u0131 aras\u0131nda \u00fcretilen sanat eserlerinin reprod\u00fcksiyonlar\u0131ndan olu\u015fan d\u00f6rt par\u00e7al\u0131k bir koleksiyonun par\u00e7as\u0131d\u0131r. \u00dczerindeki sahne, sanat\u00e7\u0131lar\u0131n ve kay\u0131k\u00e7\u0131lar\u0131n Chatou adas\u0131nda tatilde bir araya gelmelerinin mutlu anlar\u0131n\u0131 tasvir eden Renoir&#8217;\u0131n bir tablosundan al\u0131nm\u0131\u015ft\u0131r.    <\/p>\n<p>Dikkatlice paketlenecek ve takip numaras\u0131yla g\u00f6nderilecektir.<\/p>\n<p>M\u00fckemmel vintage durum:<br \/>\u00dcr\u00fcnde \u00e7atlama, bozulma veya a\u015f\u0131nma yoktur.<\/p>\n","protected":false},"excerpt":{"rendered":"<p>Bu porselen tabak, \u0130ngiliz markas\u0131 &#8220;Crown Staffordshire&#8221; koleksiyonunun bir par\u00e7as\u0131d\u0131r ve ince kemik \u00e7iniden \u00fcretilmi\u015ftir. Tabaktaki sanat eseri, \u00fcnl\u00fc Frans\u0131z izlenimci ressam Pierre-Auguste Renoir&#8217;\u0131n (1841-1919) &#8220;Chatou&#8217;da K\u00fcrek\u00e7iler&#8221; adl\u0131 tablosudur. Bu eser, Washington&#8217;daki Ulusal Sanat Galerisi koleksiyonunda yer almaktad\u0131r. 1980-1990 y\u0131llar\u0131 aras\u0131nda \u00fcretilen sanat eserlerinin reprod\u00fcksiyonlar\u0131ndan olu\u015fan d\u00f6rt par\u00e7al\u0131k bir koleksiyonun par\u00e7as\u0131d\u0131r. \u00dczerindeki sahne, sanat\u00e7\u0131lar\u0131n ve [&hellip;]<\/p>\n","protected":false},"featured_media":6586,"comment_status":"open","ping_status":"closed","template":"","meta":[],"product_brand":[],"product_cat":[271,269],"product_tag":[],"class_list":{"0":"post-6687","1":"product","2":"type-product","3":"status-publish","4":"has-post-thumbnail","6":"product_cat-koleksiyon","7":"product_cat-vintage-tr","9":"first","10":"instock","11":"sold-individually","12":"taxable","13":"shipping-taxable","14":"purchasable","15":"product-type-simple"},"_links":{"self":[{"href":"https:\/\/www.edomy.com.tr\/tr\/wp-json\/wp\/v2\/product\/6687","targetHints":{"allow":["GET"]}}],"collection":[{"href":"https:\/\/www.edomy.com.tr\/tr\/wp-json\/wp\/v2\/product"}],"about":[{"href":"https:\/\/www.edomy.com.tr\/tr\/wp-json\/wp\/v2\/types\/product"}],"replies":[{"embeddable":true,"href":"https:\/\/www.edomy.com.tr\/tr\/wp-json\/wp\/v2\/comments?post=6687"}],"wp:featuredmedia":[{"embeddable":true,"href":"https:\/\/www.edomy.com.tr\/tr\/wp-json\/wp\/v2\/media\/6586"}],"wp:attachment":[{"href":"https:\/\/www.edomy.com.tr\/tr\/wp-json\/wp\/v2\/media?parent=6687"}],"wp:term":[{"taxonomy":"product_brand","embeddable":true,"href":"https:\/\/www.edomy.com.tr\/tr\/wp-json\/wp\/v2\/product_brand?post=6687"},{"taxonomy":"product_cat","embeddable":true,"href":"https:\/\/www.edomy.com.tr\/tr\/wp-json\/wp\/v2\/product_cat?post=6687"},{"taxonomy":"product_tag","embeddable":true,"href":"https:\/\/www.edomy.com.tr\/tr\/wp-json\/wp\/v2\/product_tag?post=6687"}],"curies":[{"name":"wp","href":"https:\/\/api.w.org\/{rel}","templated":true}]}}