{"id":6684,"date":"2025-07-02T18:23:12","date_gmt":"2025-07-02T18:23:12","guid":{"rendered":"https:\/\/new.edomy.com.tr\/product\/pirinc-cep-opera-durbunu\/"},"modified":"2025-08-04T08:34:49","modified_gmt":"2025-08-04T08:34:49","slug":"pirinc-cep-opera-durbunu","status":"publish","type":"product","link":"https:\/\/www.edomy.com.tr\/tr\/urun\/pirinc-cep-opera-durbunu\/","title":{"rendered":"Pirin\u00e7 Cep\/Opera D\u00fcrb\u00fcn\u00fc"},"content":{"rendered":"<p>20. y\u00fczy\u0131l\u0131n ortalar\u0131ndan kalma metal (pirin\u00e7) opera\/cep d\u00fcrb\u00fcn\u00fc, end\u00fcstriyel\/teknik g\u00f6zlem, askeri kullan\u0131m veya sanat severler i\u00e7in. Mercekler \u00e7al\u0131\u015f\u0131r durumdad\u0131r ve herhangi bir k\u0131r\u0131k veya onar\u0131m yoktur.<\/p>\n","protected":false},"excerpt":{"rendered":"<p>20. y\u00fczy\u0131l\u0131n ortalar\u0131ndan kalma metal (pirin\u00e7) opera\/cep d\u00fcrb\u00fcn\u00fc, end\u00fcstriyel\/teknik g\u00f6zlem, askeri kullan\u0131m veya sanat severler i\u00e7in. Mercekler \u00e7al\u0131\u015f\u0131r durumdad\u0131r ve herhangi bir k\u0131r\u0131k veya onar\u0131m yoktur.<\/p>\n","protected":false},"featured_media":6566,"comment_status":"open","ping_status":"closed","template":"","meta":[],"product_brand":[],"product_cat":[270,271,269],"product_tag":[],"class_list":{"0":"post-6684","1":"product","2":"type-product","3":"status-publish","4":"has-post-thumbnail","6":"product_cat-antika","7":"product_cat-koleksiyon","8":"product_cat-vintage-tr","10":"first","11":"instock","12":"sold-individually","13":"taxable","14":"shipping-taxable","15":"purchasable","16":"product-type-simple"},"_links":{"self":[{"href":"https:\/\/www.edomy.com.tr\/tr\/wp-json\/wp\/v2\/product\/6684","targetHints":{"allow":["GET"]}}],"collection":[{"href":"https:\/\/www.edomy.com.tr\/tr\/wp-json\/wp\/v2\/product"}],"about":[{"href":"https:\/\/www.edomy.com.tr\/tr\/wp-json\/wp\/v2\/types\/product"}],"replies":[{"embeddable":true,"href":"https:\/\/www.edomy.com.tr\/tr\/wp-json\/wp\/v2\/comments?post=6684"}],"wp:featuredmedia":[{"embeddable":true,"href":"https:\/\/www.edomy.com.tr\/tr\/wp-json\/wp\/v2\/media\/6566"}],"wp:attachment":[{"href":"https:\/\/www.edomy.com.tr\/tr\/wp-json\/wp\/v2\/media?parent=6684"}],"wp:term":[{"taxonomy":"product_brand","embeddable":true,"href":"https:\/\/www.edomy.com.tr\/tr\/wp-json\/wp\/v2\/product_brand?post=6684"},{"taxonomy":"product_cat","embeddable":true,"href":"https:\/\/www.edomy.com.tr\/tr\/wp-json\/wp\/v2\/product_cat?post=6684"},{"taxonomy":"product_tag","embeddable":true,"href":"https:\/\/www.edomy.com.tr\/tr\/wp-json\/wp\/v2\/product_tag?post=6684"}],"curies":[{"name":"wp","href":"https:\/\/api.w.org\/{rel}","templated":true}]}}