{"id":6683,"date":"2025-07-04T13:10:26","date_gmt":"2025-07-04T13:10:26","guid":{"rendered":"https:\/\/new.edomy.com.tr\/product\/candlestick-type-telefon\/"},"modified":"2025-07-04T13:10:26","modified_gmt":"2025-07-04T13:10:26","slug":"candlestick-type-telefon","status":"publish","type":"product","link":"https:\/\/www.edomy.com.tr\/tr\/urun\/candlestick-type-telefon\/","title":{"rendered":"Candlestick Type Telefon"},"content":{"rendered":"<p>\u00dcr\u00fcn\u00fcn tasar\u0131m t\u00fcr\u00fc, 1890&#8217;lardan 1930&#8217;lara kadar kullan\u0131lan mumluk telefon olarak bilinen klasik telefon t\u00fcr\u00fcn\u00fc taklit eder. Malzeme metal pirin\u00e7 g\u00f6r\u00fcn\u00fcm\u00fcndedir, alt k\u0131sm\u0131 desenlidir, \u00fcst k\u0131sm\u0131 uzun boru \u015feklinde bir mikrofondur ve yan\u0131nda ayr\u0131 bir ahize bulunur. It mostly works on analog systems but is also a &#8220;Spirit of St. Louis Collector&#8217;s Series&#8221; production for decorative purposes. \u00c7o\u011funlukla analog sistemlerde \u00e7al\u0131\u015f\u0131r ancak ayn\u0131 zamanda dekoratif ama\u00e7l\u0131 bir &#8220;Spirit of St. Louis Collector&#8217;s Series&#8221; \u00fcretimidir. Spirit of St. Louis, Charles Lindbergh&#8217;in 1927 y\u0131l\u0131nda Atlas Okyanusu&#8217;nu tek ba\u015f\u0131na ge\u00e7ti\u011fi u\u00e7a\u011f\u0131n ad\u0131d\u0131r. Bu isim, 20. y\u00fczy\u0131l\u0131n ba\u015flar\u0131ndaki nostaljik teknoloji ve ke\u015fif ruhunu temsil eder.<\/p>\n","protected":false},"excerpt":{"rendered":"<p>\u00dcr\u00fcn\u00fcn tasar\u0131m t\u00fcr\u00fc, 1890&#8217;lardan 1930&#8217;lara kadar kullan\u0131lan mumluk telefon olarak bilinen klasik telefon t\u00fcr\u00fcn\u00fc taklit eder. Malzeme metal pirin\u00e7 g\u00f6r\u00fcn\u00fcm\u00fcndedir, alt k\u0131sm\u0131 desenlidir, \u00fcst k\u0131sm\u0131 uzun boru \u015feklinde bir mikrofondur ve yan\u0131nda ayr\u0131 bir ahize bulunur. It mostly works on analog systems but is also a &#8220;Spirit of St. Louis Collector&#8217;s Series&#8221; production for decorative [&hellip;]<\/p>\n","protected":false},"featured_media":6564,"comment_status":"open","ping_status":"closed","template":"","meta":[],"product_brand":[],"product_cat":[270,271,269],"product_tag":[],"class_list":{"0":"post-6683","1":"product","2":"type-product","3":"status-publish","4":"has-post-thumbnail","6":"product_cat-antika","7":"product_cat-koleksiyon","8":"product_cat-vintage-tr","10":"first","11":"instock","12":"sold-individually","13":"taxable","14":"shipping-taxable","15":"purchasable","16":"product-type-simple"},"_links":{"self":[{"href":"https:\/\/www.edomy.com.tr\/tr\/wp-json\/wp\/v2\/product\/6683","targetHints":{"allow":["GET"]}}],"collection":[{"href":"https:\/\/www.edomy.com.tr\/tr\/wp-json\/wp\/v2\/product"}],"about":[{"href":"https:\/\/www.edomy.com.tr\/tr\/wp-json\/wp\/v2\/types\/product"}],"replies":[{"embeddable":true,"href":"https:\/\/www.edomy.com.tr\/tr\/wp-json\/wp\/v2\/comments?post=6683"}],"wp:featuredmedia":[{"embeddable":true,"href":"https:\/\/www.edomy.com.tr\/tr\/wp-json\/wp\/v2\/media\/6564"}],"wp:attachment":[{"href":"https:\/\/www.edomy.com.tr\/tr\/wp-json\/wp\/v2\/media?parent=6683"}],"wp:term":[{"taxonomy":"product_brand","embeddable":true,"href":"https:\/\/www.edomy.com.tr\/tr\/wp-json\/wp\/v2\/product_brand?post=6683"},{"taxonomy":"product_cat","embeddable":true,"href":"https:\/\/www.edomy.com.tr\/tr\/wp-json\/wp\/v2\/product_cat?post=6683"},{"taxonomy":"product_tag","embeddable":true,"href":"https:\/\/www.edomy.com.tr\/tr\/wp-json\/wp\/v2\/product_tag?post=6683"}],"curies":[{"name":"wp","href":"https:\/\/api.w.org\/{rel}","templated":true}]}}