{"id":6682,"date":"2025-07-04T14:49:12","date_gmt":"2025-07-04T14:49:12","guid":{"rendered":"https:\/\/new.edomy.com.tr\/product\/retro-vintage-doner-kadranli-telefon-2\/"},"modified":"2025-08-04T07:25:44","modified_gmt":"2025-08-04T07:25:44","slug":"retro-vintage-doner-kadranli-telefon-2","status":"publish","type":"product","link":"https:\/\/www.edomy.com.tr\/tr\/urun\/retro-vintage-doner-kadranli-telefon-2\/","title":{"rendered":"Retro Vintage D\u00f6ner Kadranl\u0131 Telefon"},"content":{"rendered":"<p>Bu nostaljik d\u00f6ner kadranl\u0131 telefon, 1900&#8217;l\u00fc y\u0131llar\u0131n ba\u015f\u0131ndan esinlenen klasik bir tasar\u0131ma sahiptir. . Ah\u015fap ve pirin\u00e7 g\u00f6vdesiyle dekoratif bir zarafet sunar. . Orijinal d\u00f6nem esteti\u011fini yans\u0131tan bu model, hem koleksiyonluk bir \u00fcr\u00fcnd\u00fcr hem de vintage dekorasyonlarda g\u00f6z al\u0131c\u0131 bir unsurdur. Bu par\u00e7a dekorasyon ama\u00e7l\u0131 kullan\u0131ma uygundur ve i\u015flevi test edilmemi\u015ftir.<\/p>\n","protected":false},"excerpt":{"rendered":"<p>Bu nostaljik d\u00f6ner kadranl\u0131 telefon, 1900&#8217;l\u00fc y\u0131llar\u0131n ba\u015f\u0131ndan esinlenen klasik bir tasar\u0131ma sahiptir. . Ah\u015fap ve pirin\u00e7 g\u00f6vdesiyle dekoratif bir zarafet sunar. . Orijinal d\u00f6nem esteti\u011fini yans\u0131tan bu model, hem koleksiyonluk bir \u00fcr\u00fcnd\u00fcr hem de vintage dekorasyonlarda g\u00f6z al\u0131c\u0131 bir unsurdur. Bu par\u00e7a dekorasyon ama\u00e7l\u0131 kullan\u0131ma uygundur ve i\u015flevi test edilmemi\u015ftir.<\/p>\n","protected":false},"featured_media":6676,"comment_status":"open","ping_status":"closed","template":"","meta":[],"product_brand":[],"product_cat":[270,271,269],"product_tag":[],"class_list":{"0":"post-6682","1":"product","2":"type-product","3":"status-publish","4":"has-post-thumbnail","6":"product_cat-antika","7":"product_cat-koleksiyon","8":"product_cat-vintage-tr","10":"first","11":"instock","12":"sold-individually","13":"taxable","14":"shipping-taxable","15":"purchasable","16":"product-type-simple"},"_links":{"self":[{"href":"https:\/\/www.edomy.com.tr\/tr\/wp-json\/wp\/v2\/product\/6682","targetHints":{"allow":["GET"]}}],"collection":[{"href":"https:\/\/www.edomy.com.tr\/tr\/wp-json\/wp\/v2\/product"}],"about":[{"href":"https:\/\/www.edomy.com.tr\/tr\/wp-json\/wp\/v2\/types\/product"}],"replies":[{"embeddable":true,"href":"https:\/\/www.edomy.com.tr\/tr\/wp-json\/wp\/v2\/comments?post=6682"}],"wp:featuredmedia":[{"embeddable":true,"href":"https:\/\/www.edomy.com.tr\/tr\/wp-json\/wp\/v2\/media\/6676"}],"wp:attachment":[{"href":"https:\/\/www.edomy.com.tr\/tr\/wp-json\/wp\/v2\/media?parent=6682"}],"wp:term":[{"taxonomy":"product_brand","embeddable":true,"href":"https:\/\/www.edomy.com.tr\/tr\/wp-json\/wp\/v2\/product_brand?post=6682"},{"taxonomy":"product_cat","embeddable":true,"href":"https:\/\/www.edomy.com.tr\/tr\/wp-json\/wp\/v2\/product_cat?post=6682"},{"taxonomy":"product_tag","embeddable":true,"href":"https:\/\/www.edomy.com.tr\/tr\/wp-json\/wp\/v2\/product_tag?post=6682"}],"curies":[{"name":"wp","href":"https:\/\/api.w.org\/{rel}","templated":true}]}}