{"id":6673,"date":"2025-07-06T09:50:58","date_gmt":"2025-07-06T09:50:58","guid":{"rendered":"https:\/\/new.edomy.com.tr\/product\/satsuma-influenced-chinese-porcelain\/"},"modified":"2025-07-06T09:50:58","modified_gmt":"2025-07-06T09:50:58","slug":"satsuma-influenced-chinese-porcelain","status":"publish","type":"product","link":"https:\/\/www.edomy.com.tr\/tr\/urun\/satsuma-influenced-chinese-porcelain\/","title":{"rendered":"Satsuma Influenced Chinese Porcelain"},"content":{"rendered":"<p>Bu \u00fcr\u00fcn 20. y\u00fczy\u0131l\u0131n ortas\u0131-sonlar\u0131na ait el boyamas\u0131 Japon Satsuma tarz\u0131 \u00c7in porselenidir. Ana sahnede geleneksel hanedan k\u0131yafetleri giymi\u015f 3 kad\u0131n fig\u00fcr\u00fc yer al\u0131r. TBu sahneler genellikle edebi hikayelerden veya saray hayat\u0131ndan esinlenmi\u015ftir. Nesne, g\u00f6steri\u015fli bir zenginlik hissi veren nokta s\u00fcslemeler ve yo\u011fun alt\u0131n yapraklarla \u00e7evrilidir. \u00dcst k\u0131s\u0131mda mitolojik sembollerle alt\u0131n i\u015flemeler bulunur. L\u00fcks i\u00e7 mekanlarda ni\u015flerde, sehpalarda, vitrinlerde vb. sergilemek i\u00e7in uygundur.<\/p>\n<p>\u00dcr\u00fcnde \u00e7atlama, bozulma veya a\u015f\u0131nma yoktur.<\/p>\n","protected":false},"excerpt":{"rendered":"<p>Bu \u00fcr\u00fcn 20. y\u00fczy\u0131l\u0131n ortas\u0131-sonlar\u0131na ait el boyamas\u0131 Japon Satsuma tarz\u0131 \u00c7in porselenidir. Ana sahnede geleneksel hanedan k\u0131yafetleri giymi\u015f 3 kad\u0131n fig\u00fcr\u00fc yer al\u0131r. TBu sahneler genellikle edebi hikayelerden veya saray hayat\u0131ndan esinlenmi\u015ftir. Nesne, g\u00f6steri\u015fli bir zenginlik hissi veren nokta s\u00fcslemeler ve yo\u011fun alt\u0131n yapraklarla \u00e7evrilidir. \u00dcst k\u0131s\u0131mda mitolojik sembollerle alt\u0131n i\u015flemeler bulunur. L\u00fcks i\u00e7 [&hellip;]<\/p>\n","protected":false},"featured_media":6672,"comment_status":"open","ping_status":"closed","template":"","meta":[],"product_brand":[],"product_cat":[268],"product_tag":[],"class_list":{"0":"post-6673","1":"product","2":"type-product","3":"status-publish","4":"has-post-thumbnail","6":"product_cat-geleneksel","8":"first","9":"instock","10":"sold-individually","11":"taxable","12":"shipping-taxable","13":"purchasable","14":"product-type-simple"},"_links":{"self":[{"href":"https:\/\/www.edomy.com.tr\/tr\/wp-json\/wp\/v2\/product\/6673","targetHints":{"allow":["GET"]}}],"collection":[{"href":"https:\/\/www.edomy.com.tr\/tr\/wp-json\/wp\/v2\/product"}],"about":[{"href":"https:\/\/www.edomy.com.tr\/tr\/wp-json\/wp\/v2\/types\/product"}],"replies":[{"embeddable":true,"href":"https:\/\/www.edomy.com.tr\/tr\/wp-json\/wp\/v2\/comments?post=6673"}],"wp:featuredmedia":[{"embeddable":true,"href":"https:\/\/www.edomy.com.tr\/tr\/wp-json\/wp\/v2\/media\/6672"}],"wp:attachment":[{"href":"https:\/\/www.edomy.com.tr\/tr\/wp-json\/wp\/v2\/media?parent=6673"}],"wp:term":[{"taxonomy":"product_brand","embeddable":true,"href":"https:\/\/www.edomy.com.tr\/tr\/wp-json\/wp\/v2\/product_brand?post=6673"},{"taxonomy":"product_cat","embeddable":true,"href":"https:\/\/www.edomy.com.tr\/tr\/wp-json\/wp\/v2\/product_cat?post=6673"},{"taxonomy":"product_tag","embeddable":true,"href":"https:\/\/www.edomy.com.tr\/tr\/wp-json\/wp\/v2\/product_tag?post=6673"}],"curies":[{"name":"wp","href":"https:\/\/api.w.org\/{rel}","templated":true}]}}