{"id":5500,"date":"2025-07-29T08:59:53","date_gmt":"2025-07-29T08:59:53","guid":{"rendered":"https:\/\/new.edomy.com.tr\/?page_id=5500"},"modified":"2025-08-16T09:51:40","modified_gmt":"2025-08-16T09:51:40","slug":"gizlilik-ve-guvenlik","status":"publish","type":"page","link":"https:\/\/www.edomy.com.tr\/tr\/gizlilik-ve-guvenlik\/","title":{"rendered":"Gizlilik ve G\u00fcvenlik"},"content":{"rendered":"\t\t<div data-elementor-type=\"wp-page\" data-elementor-id=\"5500\" class=\"elementor elementor-5500\" data-elementor-post-type=\"page\">\n\t\t\t\t\t\t<section class=\"elementor-section elementor-top-section elementor-element elementor-element-d210bd7 elementor-section-boxed elementor-section-height-default elementor-section-height-default\" data-id=\"d210bd7\" data-element_type=\"section\" data-e-type=\"section\">\n\t\t\t\t\t\t<div class=\"elementor-container elementor-column-gap-default\">\n\t\t\t\t\t<div class=\"elementor-column elementor-col-100 elementor-top-column elementor-element elementor-element-8f05ea7\" data-id=\"8f05ea7\" data-element_type=\"column\" data-e-type=\"column\">\n\t\t\t<div class=\"elementor-widget-wrap elementor-element-populated\">\n\t\t\t\t\t\t<div class=\"elementor-element elementor-element-eec8bfd elementor-widget elementor-widget-text-editor\" data-id=\"eec8bfd\" data-element_type=\"widget\" data-e-type=\"widget\" data-widget_type=\"text-editor.default\">\n\t\t\t\t<div class=\"elementor-widget-container\">\n\t\t\t\t\t\t\t\t\t<p><strong>G\u0130ZL\u0130L\u0130K VE G\u00dcVENL\u0130K<\/strong><\/p><p>\u0130\u015fbu beyan, (Site)www.edomy.com.tr (Emine Topal \u015eah\u0131s \u015eirketi )\u201d\u015firket\/\u015firketimiz\u201d gizlilik politikas\u0131n\u0131 i\u00e7ermektedir. www.edomy.com.tr adl\u0131 web sitemizi ziyaret ederek a\u015fa\u011f\u0131daki ko\u015fullar\u0131 kabul etmektesiniz.<\/p><p>\u015eirketimiz, baz\u0131 ki\u015fisel bilgilerinizi (isim, soyad\u0131, ya\u015f, e-posta vb) size daha iyi hizmet verebilmek amac\u0131 ile veri taban\u0131na kay\u0131t eder. Al\u0131nan bilgiler kampanya organizasyonlar\u0131 size \u00f6zel teklifler, \u00f6zel promosyon uygulamalar\u0131 gibi faaliyetlerde kullan\u0131l\u0131r. Ki\u015fisel bilgilerinizde de\u011fi\u015fiklik s\u00f6z konusu ise Hesab\u0131m b\u00f6l\u00fcm\u00fcnden gerekli g\u00fcncellemeleri yapabilirsiniz. Ayr\u0131ca, kredi kart\u0131 numaras\u0131 gibi hassas ki\u015fisel bilgileri internet \u00fczerinden iletti\u011finizde, bunlar\u0131 G\u00fcvenli \u015eifreleme Sistemi (<strong>SSL<\/strong>) ile korur.<\/p><p>Ayr\u0131ca Kredi kart\u0131 bilgilerinizi herhangi bir \u015fekilde sistemlerimizde saklamaz. Kullan\u0131lan Kredi kartlar\u0131 \u00f6zel <strong>crypto<\/strong> y\u00f6ntemleri ile <u>\u015fifrelenerek<\/u> ilgili bankaya iletilir.<\/p><p>\u015eirketimiz, \u00fcyelik formlar\u0131ndan toplad\u0131\u011f\u0131 bilgileri, s\u00f6z konusu \u00fcyenin haberi ya da aksi bir talimat\u0131 olmaks\u0131z\u0131n, \u00fc\u00e7\u00fcnc\u00fc \u015fah\u0131slarla kesinlikle payla\u015fmamakta, faaliyet d\u0131\u015f\u0131 hi\u00e7bir nedenle ticari ama\u00e7la kullanmamakta ve de satmamaktad\u0131r.<\/p><p>\u015eirketimiz, e-posta adresleri ve \u00fcyelik formlar\u0131nda istedi\u011fi ki\u015fisel bilgilerin haricinde site kullan\u0131m\u0131 s\u0131ras\u0131nda izledi\u011fi, ziyaret\u00e7i hareket ve tercihlerini analiz ederek yorumlamaktad\u0131r. \u015eirketimiz, ki\u015fisel bilgiler i\u00e7ermeyen bu istatistiksel verileri, daha yararl\u0131 i\u00e7erik sa\u011flamak \u00fczere toplu bir \u015fekilde kullanabilir. M\u00fc\u015fteri bilgileri bu s\u00fcre\u00e7ler d\u0131\u015f\u0131nda emredici kurumlar taraf\u0131ndan gerekli yasa ve kanunlar \u00e7er\u00e7evesinde resmi makamlara a\u00e7\u0131labilecektir.<\/p><p>\u015eirketimiz \u00fcyesi oldu\u011funuz g\u00fcnden itibaren aksi belirtilmedik\u00e7e g\u00fcnl\u00fck, haftal\u0131k ve ayl\u0131k b\u00fcltenler ile size \u00f6zel f\u0131rsatlar\u0131 i\u00e7eren mail, sms ve mms gibi platformlardan sizinle ileti\u015fime ge\u00e7er\/ge\u00e7ebilir. Bu uygulamadan faydalanmak istemiyorsan\u0131z ki\u015fisel bilgilerinizin oldu\u011fu b\u00f6l\u00fcmden gerekli ayarlar\u0131 yaparak ya da info@edomy.com.tr\u00a0mail yolu ile bilgilendirerek bu hizmetten vazge\u00e7me, de\u011fi\u015fiklik yapma ve tekrar ba\u015flatma hakk\u0131na sahip olacaks\u0131n\u0131z.<\/p><p>\u015eirketimiz, istedi\u011fi zaman uygulama \u00fczerinde istedi\u011fi gibi de\u011fi\u015fiklik yapma hakk\u0131n\u0131 gizli tutar. \u00c7erez (Cookie) Politikas\u0131 (\u201c\u015firket\u201d) olarak, \u00e7evrimi\u00e7i mecralar\u0131m\u0131z\u0131 ziyaretleriniz s\u0131ras\u0131nda sizlerin deneyiminizi geli\u015ftirmek i\u00e7in \u00e7erezler, pikseller, gifler gibi baz\u0131 teknolojilerden (\u201c\u00e7erezler\u201d) faydalanmaktay\u0131z. Bu teknolojilerin kullan\u0131m\u0131 ba\u015fta 6698 say\u0131l\u0131 Ki\u015fisel Verilerin Korunmas\u0131 Kanunu (\u201cKVK Kanunu\u201d) olmak \u00fczere tabi oldu\u011fumuz mevzuata uygun \u015fekilde ger\u00e7ekle\u015ftirilmektedir.<\/p><p>\u0130\u015fbu \u00c7erez Ayd\u0131nlatma Metni\u2019nin amac\u0131 ise, taraf\u0131m\u0131zca i\u015fletilmekte olan \u201chttps:\/\/www. edomy.com.tr\u201d internet sitesinin(\u201cSite\u201d) i\u015fletilmesi s\u0131ras\u0131nda Site kullan\u0131c\u0131lar\u0131\/\u00fcyeleri\/ziyaret\u00e7ileri (\u201cVeri Sahibi\u201d) taraf\u0131ndan \u00e7erezlerin kullan\u0131m\u0131 s\u0131ras\u0131nda elde edilen ki\u015fisel verilerin i\u015flenmesine ili\u015fkin olarak sizlere bilgi vermektir. \u0130\u015fbu metinde sitemizde hangi ama\u00e7larla hangi t\u00fcr \u00e7erezleri kulland\u0131\u011f\u0131m\u0131z\u0131 ve bu \u00e7erezleri nas\u0131l kontrol edebilece\u011finize y\u00f6nelik detayl\u0131 a\u00e7\u0131klamalar\u0131m\u0131z\u0131n yer ald\u0131\u011f\u0131 <a href=\"https:\/\/www.edomy.com.tr\/cerez\/\">https:\/\/www.edomy.com.tr\/cerez\/<\/a> adresinde yer alan \u00e7erez politikam\u0131z\u0131 okuyabilirsiniz. \u015eirketimiz olarak Site\u2019de kulland\u0131\u011f\u0131m\u0131z \u00e7erezleri kullanmaktan vazge\u00e7ebilir, bunlar\u0131n t\u00fcrlerini veya fonksiyonlar\u0131n\u0131 de\u011fi\u015ftirebilir veya yeni \u00e7erezler ekleyebiliriz. Dolay\u0131s\u0131yla i\u015fbu Ayd\u0131nlatma Metni\u2019nin h\u00fck\u00fcmlerini diledi\u011fimiz zaman de\u011fi\u015ftirme hakk\u0131n\u0131 sakl\u0131 tutar\u0131z.<\/p><p>Ki\u015fisel verilerinizin \u015eirketimiz taraf\u0131ndan i\u015flenme ama\u00e7lar\u0131 hakk\u0131nda daha detayl\u0131 bilgi i\u00e7in <a href=\"https:\/\/www.edomy.com.tr\/kvkk-aydinlatma-metni\">https:\/\/www.edomy.com.tr\/kvkk-aydinlatma-metni<\/a> \u00a0\u00a0adresinde yer alan\u00a0 Ki\u015fisel Verilerin Korunmas\u0131 ve \u0130\u015flenmesi Politikam\u0131z\u0131 okuman\u0131z\u0131 tavsiye ederiz.<\/p><p><strong>\u00a0<\/strong><\/p>\t\t\t\t\t\t\t\t<\/div>\n\t\t\t\t<\/div>\n\t\t\t\t\t<\/div>\n\t\t<\/div>\n\t\t\t\t\t<\/div>\n\t\t<\/section>\n\t\t\t\t<\/div>\n\t\t","protected":false},"excerpt":{"rendered":"<p>G\u0130ZL\u0130L\u0130K VE G\u00dcVENL\u0130K \u0130\u015fbu beyan, (Site)www.edomy.com.tr (Emine Topal \u015eah\u0131s \u015eirketi )\u201d\u015firket\/\u015firketimiz\u201d gizlilik politikas\u0131n\u0131 i\u00e7ermektedir. www.edomy.com.tr adl\u0131 web sitemizi ziyaret ederek a\u015fa\u011f\u0131daki ko\u015fullar\u0131 kabul etmektesiniz. \u015eirketimiz, baz\u0131 ki\u015fisel bilgilerinizi (isim, soyad\u0131, ya\u015f, e-posta vb) size daha iyi hizmet verebilmek amac\u0131 ile veri taban\u0131na kay\u0131t eder. Al\u0131nan bilgiler kampanya organizasyonlar\u0131 size \u00f6zel teklifler, \u00f6zel promosyon uygulamalar\u0131 gibi [&hellip;]<\/p>\n","protected":false},"author":1,"featured_media":0,"parent":0,"menu_order":0,"comment_status":"closed","ping_status":"closed","template":"","meta":{"footnotes":""},"class_list":["post-5500","page","type-page","status-publish","hentry"],"_links":{"self":[{"href":"https:\/\/www.edomy.com.tr\/tr\/wp-json\/wp\/v2\/pages\/5500","targetHints":{"allow":["GET"]}}],"collection":[{"href":"https:\/\/www.edomy.com.tr\/tr\/wp-json\/wp\/v2\/pages"}],"about":[{"href":"https:\/\/www.edomy.com.tr\/tr\/wp-json\/wp\/v2\/types\/page"}],"author":[{"embeddable":true,"href":"https:\/\/www.edomy.com.tr\/tr\/wp-json\/wp\/v2\/users\/1"}],"replies":[{"embeddable":true,"href":"https:\/\/www.edomy.com.tr\/tr\/wp-json\/wp\/v2\/comments?post=5500"}],"version-history":[{"count":8,"href":"https:\/\/www.edomy.com.tr\/tr\/wp-json\/wp\/v2\/pages\/5500\/revisions"}],"predecessor-version":[{"id":7159,"href":"https:\/\/www.edomy.com.tr\/tr\/wp-json\/wp\/v2\/pages\/5500\/revisions\/7159"}],"wp:attachment":[{"href":"https:\/\/www.edomy.com.tr\/tr\/wp-json\/wp\/v2\/media?parent=5500"}],"curies":[{"name":"wp","href":"https:\/\/api.w.org\/{rel}","templated":true}]}}